{"id":11756,"date":"2023-12-14T19:05:51","date_gmt":"2023-12-14T19:05:51","guid":{"rendered":"https:\/\/elabphotographers.com\/?page_id=11756"},"modified":"2023-12-14T19:11:54","modified_gmt":"2023-12-14T19:11:54","slug":"cookie-richtlinie","status":"publish","type":"page","link":"https:\/\/elabphotographers.com\/de\/cookie-richtlinie\/","title":{"rendered":"Cookie-Richtlinie"},"content":{"rendered":"<div data-elementor-type=\"wp-page\" data-elementor-id=\"11756\" class=\"elementor elementor-11756\" data-elementor-post-type=\"page\">\n\t\t\t\t\t\t<div class=\"elementor-section elementor-top-section elementor-element elementor-element-ff8ab50 elementor-section-stretched elementor-section-content-middle elementor-section-boxed elementor-section-height-default elementor-section-height-default\" data-id=\"ff8ab50\" data-element_type=\"section\" data-e-type=\"section\" data-settings=\"{&quot;background_background&quot;:&quot;classic&quot;,&quot;stretch_section&quot;:&quot;section-stretched&quot;,&quot;artale_ext_is_background_parallax&quot;:&quot;false&quot;,&quot;artale_ext_is_background_on_scroll&quot;:&quot;false&quot;}\">\n\t\t\t\t\t\t<div class=\"elementor-container elementor-column-gap-default\">\n\t\t\t\t\t<div class=\"elementor-column elementor-col-100 elementor-top-column elementor-element elementor-element-874432b\" data-id=\"874432b\" data-element_type=\"column\" data-e-type=\"column\" data-settings=\"{&quot;artale_ext_link_sidemenu&quot;:&quot;false&quot;,&quot;artale_ext_link_fullmenu&quot;:&quot;false&quot;,&quot;artale_ext_is_sticky&quot;:&quot;false&quot;,&quot;artale_ext_is_scrollme&quot;:&quot;false&quot;,&quot;artale_ext_is_smoove&quot;:&quot;false&quot;,&quot;artale_ext_is_parallax_mouse&quot;:&quot;false&quot;,&quot;artale_ext_is_infinite&quot;:&quot;false&quot;,&quot;artale_ext_is_fadeout_animation&quot;:&quot;false&quot;}\">\n\t\t\t<div class=\"elementor-widget-wrap elementor-element-populated\">\n\t\t\t\t\t\t<div class=\"elementor-element elementor-element-a0394f5 elementor-hidden-desktop elementor-hidden-tablet elementor-widget elementor-widget-spacer\" data-id=\"a0394f5\" data-element_type=\"widget\" data-e-type=\"widget\" data-settings=\"{&quot;artale_ext_link_sidemenu&quot;:&quot;false&quot;,&quot;artale_ext_link_fullmenu&quot;:&quot;false&quot;,&quot;artale_ext_is_sticky&quot;:&quot;false&quot;,&quot;artale_ext_is_scrollme&quot;:&quot;false&quot;,&quot;artale_ext_is_smoove&quot;:&quot;false&quot;,&quot;artale_ext_is_parallax_mouse&quot;:&quot;false&quot;,&quot;artale_ext_is_infinite&quot;:&quot;false&quot;,&quot;artale_ext_is_fadeout_animation&quot;:&quot;false&quot;}\" data-widget_type=\"spacer.default\">\n\t\t\t\t<div class=\"elementor-widget-container\">\n\t\t\t\t\t\t\t<div class=\"elementor-spacer\">\n\t\t\t<div class=\"elementor-spacer-inner\"><\/div>\n\t\t<\/div>\n\t\t\t\t\t\t<\/div>\n\t\t\t\t<\/div>\n\t\t\t\t<div class=\"elementor-section elementor-inner-section elementor-element elementor-element-96fd64f elementor-section-boxed elementor-section-height-default elementor-section-height-default\" data-id=\"96fd64f\" data-element_type=\"section\" data-e-type=\"section\" data-settings=\"{&quot;artale_ext_is_background_parallax&quot;:&quot;false&quot;,&quot;artale_ext_is_background_on_scroll&quot;:&quot;false&quot;}\">\n\t\t\t\t\t\t<div class=\"elementor-container elementor-column-gap-default\">\n\t\t\t\t\t<div class=\"elementor-column elementor-col-100 elementor-inner-column elementor-element elementor-element-a6e4085\" data-id=\"a6e4085\" data-element_type=\"column\" data-e-type=\"column\" data-settings=\"{&quot;artale_ext_link_sidemenu&quot;:&quot;false&quot;,&quot;artale_ext_link_fullmenu&quot;:&quot;false&quot;,&quot;artale_ext_is_sticky&quot;:&quot;false&quot;,&quot;artale_ext_is_scrollme&quot;:&quot;false&quot;,&quot;artale_ext_is_smoove&quot;:&quot;false&quot;,&quot;artale_ext_is_parallax_mouse&quot;:&quot;false&quot;,&quot;artale_ext_is_infinite&quot;:&quot;false&quot;,&quot;artale_ext_is_fadeout_animation&quot;:&quot;false&quot;}\">\n\t\t\t<div class=\"elementor-widget-wrap elementor-element-populated\">\n\t\t\t\t\t\t<div class=\"elementor-element elementor-element-f5d4f40 elementor-widget elementor-widget-heading\" data-id=\"f5d4f40\" data-element_type=\"widget\" data-e-type=\"widget\" data-settings=\"{&quot;artale_ext_link_sidemenu&quot;:&quot;false&quot;,&quot;artale_ext_link_fullmenu&quot;:&quot;false&quot;,&quot;artale_ext_is_sticky&quot;:&quot;false&quot;,&quot;artale_ext_is_scrollme&quot;:&quot;false&quot;,&quot;artale_ext_is_smoove&quot;:&quot;false&quot;,&quot;artale_ext_is_parallax_mouse&quot;:&quot;false&quot;,&quot;artale_ext_is_infinite&quot;:&quot;false&quot;,&quot;artale_ext_is_fadeout_animation&quot;:&quot;false&quot;}\" data-widget_type=\"heading.default\">\n\t\t\t\t<div class=\"elementor-widget-container\">\n\t\t\t\t\t<h1 class=\"elementor-heading-title elementor-size-default\">COOKIE-POLITIK<\/h1>\t\t\t\t<\/div>\n\t\t\t\t<\/div>\n\t\t\t\t\t<\/div>\n\t\t<\/div>\n\t\t\t\t\t<\/div>\n\t\t<\/div>\n\t\t\t\t\t<\/div>\n\t\t<\/div>\n\t\t\t\t\t<\/div>\n\t\t<\/div>\n\t\t\t\t<section class=\"elementor-section elementor-top-section elementor-element elementor-element-f507d36 elementor-section-boxed elementor-section-height-default elementor-section-height-default\" data-id=\"f507d36\" data-element_type=\"section\" data-e-type=\"section\" data-settings=\"{&quot;artale_ext_is_background_parallax&quot;:&quot;false&quot;,&quot;artale_ext_is_background_on_scroll&quot;:&quot;false&quot;}\">\n\t\t\t\t\t\t<div class=\"elementor-container elementor-column-gap-default\">\n\t\t\t\t\t<div class=\"elementor-column elementor-col-100 elementor-top-column elementor-element elementor-element-c6d2a2f\" data-id=\"c6d2a2f\" data-element_type=\"column\" data-e-type=\"column\" data-settings=\"{&quot;artale_ext_link_sidemenu&quot;:&quot;false&quot;,&quot;artale_ext_link_fullmenu&quot;:&quot;false&quot;,&quot;artale_ext_is_sticky&quot;:&quot;false&quot;,&quot;artale_ext_is_scrollme&quot;:&quot;false&quot;,&quot;artale_ext_is_smoove&quot;:&quot;false&quot;,&quot;artale_ext_is_parallax_mouse&quot;:&quot;false&quot;,&quot;artale_ext_is_infinite&quot;:&quot;false&quot;,&quot;artale_ext_is_fadeout_animation&quot;:&quot;false&quot;}\">\n\t\t\t<div class=\"elementor-widget-wrap elementor-element-populated\">\n\t\t\t\t\t\t<div class=\"elementor-element elementor-element-6da4036 elementor-widget elementor-widget-heading\" data-id=\"6da4036\" data-element_type=\"widget\" data-e-type=\"widget\" data-settings=\"{&quot;artale_ext_link_sidemenu&quot;:&quot;false&quot;,&quot;artale_ext_link_fullmenu&quot;:&quot;false&quot;,&quot;artale_ext_is_sticky&quot;:&quot;false&quot;,&quot;artale_ext_is_scrollme&quot;:&quot;false&quot;,&quot;artale_ext_is_smoove&quot;:&quot;false&quot;,&quot;artale_ext_is_parallax_mouse&quot;:&quot;false&quot;,&quot;artale_ext_is_infinite&quot;:&quot;false&quot;,&quot;artale_ext_is_fadeout_animation&quot;:&quot;false&quot;}\" data-widget_type=\"heading.default\">\n\t\t\t\t<div class=\"elementor-widget-container\">\n\t\t\t\t\t<h2 class=\"elementor-heading-title elementor-size-default\">ERWEITERTE COOKIE-RICHTLINIE<\/h2>\t\t\t\t<\/div>\n\t\t\t\t<\/div>\n\t\t\t\t\t<\/div>\n\t\t<\/div>\n\t\t\t\t\t<\/div>\n\t\t<\/section>\n\t\t\t\t<section class=\"elementor-section elementor-top-section elementor-element elementor-element-6aabf5e elementor-section-boxed elementor-section-height-default elementor-section-height-default\" data-id=\"6aabf5e\" data-element_type=\"section\" data-e-type=\"section\" data-settings=\"{&quot;artale_ext_is_background_parallax&quot;:&quot;false&quot;,&quot;artale_ext_is_background_on_scroll&quot;:&quot;false&quot;}\">\n\t\t\t\t\t\t<div class=\"elementor-container elementor-column-gap-default\">\n\t\t\t\t\t<div class=\"elementor-column elementor-col-100 elementor-top-column elementor-element elementor-element-b1e6607\" data-id=\"b1e6607\" data-element_type=\"column\" data-e-type=\"column\" data-settings=\"{&quot;artale_ext_link_sidemenu&quot;:&quot;false&quot;,&quot;artale_ext_link_fullmenu&quot;:&quot;false&quot;,&quot;artale_ext_is_sticky&quot;:&quot;false&quot;,&quot;artale_ext_is_scrollme&quot;:&quot;false&quot;,&quot;artale_ext_is_smoove&quot;:&quot;false&quot;,&quot;artale_ext_is_parallax_mouse&quot;:&quot;false&quot;,&quot;artale_ext_is_infinite&quot;:&quot;false&quot;,&quot;artale_ext_is_fadeout_animation&quot;:&quot;false&quot;}\">\n\t\t\t<div class=\"elementor-widget-wrap elementor-element-populated\">\n\t\t\t\t\t\t<div class=\"elementor-element elementor-element-267e711 elementor-widget elementor-widget-text-editor\" data-id=\"267e711\" data-element_type=\"widget\" data-e-type=\"widget\" data-settings=\"{&quot;artale_ext_link_sidemenu&quot;:&quot;false&quot;,&quot;artale_ext_link_fullmenu&quot;:&quot;false&quot;,&quot;artale_ext_is_sticky&quot;:&quot;false&quot;,&quot;artale_ext_is_scrollme&quot;:&quot;false&quot;,&quot;artale_ext_is_smoove&quot;:&quot;false&quot;,&quot;artale_ext_is_parallax_mouse&quot;:&quot;false&quot;,&quot;artale_ext_is_infinite&quot;:&quot;false&quot;,&quot;artale_ext_is_fadeout_animation&quot;:&quot;false&quot;}\" data-widget_type=\"text-editor.default\">\n\t\t\t\t<div class=\"elementor-widget-container\">\n\t\t\t\t\t\t\t\t\t<p>Cookies sind Codeteile, die im Browser des Nutzers installiert werden und den f\u00fcr die Verarbeitung Verantwortlichen bei der Bereitstellung des Dienstes zu den beschriebenen Zwecken unterst\u00fctzen. Einige der Zwecke, f\u00fcr die Cookies installiert werden, k\u00f6nnen auch die Zustimmung des Nutzers erfordern.<\/p><div id=\"page_content_wrapper\" class=\"\"><div class=\"inner\"><div class=\"inner_wrapper\"><div class=\"sidebar_content full_width\"><p>\u00a0Cookies bestehen aus Codeteilen, die im Browser des Nutzers installiert werden und dem f\u00fcr die Verarbeitung Verantwortlichen helfen, den Dienst zu den beschriebenen Zwecken bereitzustellen. Einige der Zwecke, f\u00fcr die Cookies installiert werden, k\u00f6nnen auch die Zustimmung des Nutzers erfordern.<\/p><p><strong>TECHNISCHE COOKIES UND COOKIES F\u00dcR AGGREGIERTE STATISTIKEN<\/strong><\/p><p><strong>F\u00fcr den Betrieb unbedingt erforderliche T\u00e4tigkeiten<\/strong><\/p><p>Diese Website verwendet Cookies, um die Sitzung des Benutzers zu speichern und um andere Aktivit\u00e4ten durchzuf\u00fchren, die f\u00fcr den Betrieb der Website unbedingt erforderlich sind, z. B. in Bezug auf die Verteilung des Datenverkehrs.<\/p><p><strong>Speichern von Pr\u00e4ferenzen, Optimierung und Statistiken<\/strong><\/p><p>Diese Website verwendet Cookies, um Navigationspr\u00e4ferenzen zu speichern und das Surferlebnis des Nutzers zu optimieren. Zu diesen Cookies geh\u00f6ren beispielsweise solche, die zur Einstellung der Sprache und der W\u00e4hrung oder zu statistischen Zwecken durch den Eigent\u00fcmer der Website verwendet werden.<\/p><p><strong>Andere Arten von Cookies oder Tools von Dritten, die diese verwenden k\u00f6nnen<\/strong><\/p><p>Einige der unten aufgef\u00fchrten Dienste erheben Statistiken in zusammengefasster Form und ben\u00f6tigen m\u00f6glicherweise nicht die Zustimmung des Nutzers oder werden, wie beschrieben, direkt vom Eigent\u00fcmer ohne die Hilfe Dritter betrieben.<\/p><p>Google Analytics (Google)<\/p><p>Google Analytics ist ein Webanalysedienst, der von Google Inc. (\"Google\") bereitgestellt wird. Google verwendet die erfassten personenbezogenen Daten, um die Nutzung dieser Anwendung zu verfolgen und zu untersuchen, Berichte zu erstellen und sie mit anderen von Google entwickelten Diensten zu teilen.<br \/>Google kann personenbezogene Daten verwenden, um Anzeigen in seinem Werbenetzwerk zu kontextualisieren und zu personalisieren.<br \/>Die gesammelten pers\u00f6nlichen Daten sind: Cookies und Benutzungsdaten.<br \/>Ort der Verarbeitung: U.S.A.<br \/>Unter den folgenden Links k\u00f6nnen Sie sich\u00a0<a href=\"https:\/\/www.google.com\/intl\/it_it\/analytics\/learn\/privacy.html\" target=\"_blank\" rel=\"noopener\">Datenschutzbestimmungen<\/a>\u00a0und Opt-out<\/p><p>Google Maps (Google)<\/p><p>Auf einigen Seiten gibt es interaktive Karten, die von Google bereitgestellt werden. Google kann Cookies installieren, um Informationen und Pr\u00e4ferenzen im Zusammenhang mit diesem Dienst zu erkennen. Weitere Informationen \u00fcber die Verwendung von Cookies durch Google finden Sie in den Datenschutzbestimmungen von Google:\u00a0<a href=\"http:\/\/www.google.com\/intl\/it\/policies\/privacy\" target=\"_blank\" rel=\"noopener\">http:\/\/www.google.com\/intl\/it\/policies\/privacy<\/a><\/p><p>Dienste von Dritten<\/p><p>Die Website integriert auf ihren Seiten Dienste von Dritten, die ihre eigenen Cookies und\/oder \u00e4hnliche Technologien einsetzen k\u00f6nnen. Die Verwendung solcher Cookies und \u00e4hnlicher Technologien durch diese Unternehmen unterliegt den Datenschutzrichtlinien dieser Unternehmen und nicht der vorliegenden Richtlinie, da der f\u00fcr die Datenverarbeitung Verantwortliche nichts mit der Verwaltung dieser Instrumente und der Verarbeitung der von ihnen stammenden Daten zu tun hat.<br \/>Nachstehend finden Sie eine (nicht ersch\u00f6pfende) Liste einiger Partnerunternehmen, die m\u00f6glicherweise Cookies verwenden, w\u00e4hrend Sie das Netz unserer Organisation durchsuchen:<br \/>- Google Analytics (<a href=\"https:\/\/www.google.com\/analytics\/learn\/privacy.html?hl=it\" target=\"_blank\" rel=\"noopener\">Offenlegung<\/a>)<\/p><p><strong>Wie kann ich Cookies in meinem Browser verwalten?<\/strong><\/p><p>Zus\u00e4tzlich zu den Angaben in diesem Dokument k\u00f6nnen Sie Ihre Cookie-Einstellungen direkt in Ihrem Browser verwalten und beispielsweise die Installation von Cookies durch Dritte verhindern. Sie k\u00f6nnen Ihre Browsereinstellungen auch verwenden, um zuvor installierte Cookies zu l\u00f6schen, einschlie\u00dflich des Cookies, in dem Sie m\u00f6glicherweise Ihre Zustimmung zur Installation von Cookies durch diese Website gespeichert haben. Es ist wichtig zu beachten, dass durch die Deaktivierung aller Cookies der Betrieb dieser Website beeintr\u00e4chtigt werden kann. Informationen dar\u00fcber, wie Sie Cookies in Ihrem Browser verwalten k\u00f6nnen, finden Sie unter folgenden Adressen:\u00a0<a href=\"https:\/\/support.google.com\/chrome\/answer\/95647?hl=en&amp;p=cpn_cookies\" target=\"_blank\" rel=\"noopener noreferrer\">Google Chrome<\/a>,\u00a0<a href=\"https:\/\/support.mozilla.org\/it\/kb\/Attivare%20e%20disattivare%20i%20cookie?redirectlocale=en-US&amp;redirectslug=Enabling+and+disabling+cookies\" target=\"_blank\" rel=\"noopener noreferrer\">Mozilla Firefox<\/a>,\u00a0<a href=\"https:\/\/support.apple.com\/kb\/PH19214?viewlocale=it_IT&amp;locale=en_US\" target=\"_blank\" rel=\"noopener noreferrer\">Apple Safari<\/a>\u00a0e\u00a0<a href=\"http:\/\/windows.microsoft.com\/it-it\/windows-vista\/block-or-allow-cookies\" target=\"_blank\" rel=\"noopener noreferrer\">Microsoft Windows Explorer<\/a>.<br \/>Nachstehend finden Sie jedoch Anleitungen f\u00fcr die g\u00e4ngigsten Browser, um eine personalisierte Cookie-Konfiguration vorzunehmen:<\/p><p>Microsoft Internet Explorer<\/p><p>1. Klicken Sie oben im Browserfenster auf \"Extras\";<br \/>2. W\u00e4hlen Sie \"Internetoptionen\";<br \/>3. Klicken Sie auf die Registerkarte \"Datenschutz\";<br \/>Um Cookies zu aktivieren, muss die Datenschutzstufe auf \"Mittel\" oder niedriger eingestellt sein; eine Einstellung der Datenschutzstufe \u00fcber \"Mittel\" deaktiviert die Verwendung von Cookies.<\/p><p>Mozilla Firefox<\/p><p>1. Klicken Sie oben im Browserfenster auf \"Extras\";<br \/>2. W\u00e4hlen Sie \"Optionen\";<br \/>3. W\u00e4hlen Sie das Symbol \"Datenschutz\";<br \/>4. Klicken Sie auf \"Cookies\";<br \/>5. Aktivieren oder deaktivieren Sie die Punkte \"Cookies von Websites akzeptieren\" und \"Cookies von Dritten akzeptieren\".<\/p><p>Google Chrome<\/p><p>1. Klicken Sie auf das Men\u00fcsymbol;<br \/>2. W\u00e4hlen Sie \"Einstellungen\";<br \/>3. W\u00e4hlen Sie unten auf der Seite \"Erweiterte Einstellungen anzeigen\";<br \/>W\u00e4hlen Sie im Abschnitt \"Datenschutz\" die Option \"Inhaltseinstellungen\";<br \/>5. W\u00e4hlen Sie aus, ob Sie \"verhindern wollen, dass Websites Daten einstellen\".<\/p><p>Apple Safari<\/p><p>1. Klicken Sie auf das Etikett \"Safari\" am oberen Rand des Browserfensters;<br \/>2. W\u00e4hlen Sie die Option \"Voreinstellungen\";<br \/>3. Klicken Sie auf \"Datenschutz\";<br \/>4. treffen Sie Ihre Wahl unter \"Cookies und Website-Daten\".<\/p><p>Weitere Informationen \u00fcber die Verwendung von Cookies und dar\u00fcber, wie Sie sie blockieren k\u00f6nnen, finden Sie auf den folgenden Websites:<br \/><a href=\"http:\/\/www.youronlinechoices.eu\/\" target=\"_blank\" rel=\"noopener noreferrer\">www.youronlinechoices.eu\u00a0<\/a><br \/><a href=\"http:\/\/www.allaboutcookies.org\/\" target=\"_blank\" rel=\"noopener noreferrer\">www.allaboutcookies.org<\/a><\/p><p><strong>Verantwortlicher f\u00fcr die Datenverarbeitung<\/strong><\/p><p>Elab Photographers, Piazza Duca di Genova 18 - 95100 Catania.<\/p><p>Da die Installation von Cookies und anderen Tracking-Systemen, die von Dritten \u00fcber die in dieser Anwendung genutzten Dienste betrieben werden, vom Eigent\u00fcmer technisch nicht kontrolliert werden kann, ist jeder spezifische Hinweis auf Cookies und Tracking-Systeme, die von Dritten installiert werden, als Hinweis zu verstehen. F\u00fcr vollst\u00e4ndige Informationen konsultieren Sie bitte die Datenschutzrichtlinien der in diesem Dokument aufgef\u00fchrten Dienste von Dritten.<br \/>In Anbetracht der objektiven Komplexit\u00e4t, die mit der Identifizierung der auf Cookies basierenden Technologien verbunden ist, und ihrer sehr engen Integration in die Funktionsweise des Internets werden die Nutzer gebeten, sich an den f\u00fcr die Verarbeitung Verantwortlichen zu wenden, wenn sie weitere Informationen \u00fcber die Verwendung von Cookies und deren Nutzung - beispielsweise durch Dritte - \u00fcber diese Website erhalten m\u00f6chten.<\/p><\/div><\/div><\/div><\/div>\t\t\t\t\t\t\t\t<\/div>\n\t\t\t\t<\/div>\n\t\t\t\t\t<\/div>\n\t\t<\/div>\n\t\t\t\t\t<\/div>\n\t\t<\/section>\n\t\t\t\t<\/div>","protected":false},"excerpt":{"rendered":"<p>COOKIE POLICY INFORMATIVA ESTESA SUI COOKIE I Cookie sono costituiti da porzioni di codice installate all\u2019interno del browser dell\u2019utente che assistono il Titolare nell\u2019erogazione del servizio in base alle finalit\u00e0 descritte. Alcune delle finalit\u00e0 di installazione dei Cookie potrebbero, inoltre, [&hellip;]<\/p>\n","protected":false},"author":1,"featured_media":0,"parent":0,"menu_order":0,"comment_status":"closed","ping_status":"closed","template":"","meta":{"footnotes":""},"class_list":["post-11756","page","type-page","status-publish","hentry"],"_links":{"self":[{"href":"https:\/\/elabphotographers.com\/de\/wp-json\/wp\/v2\/pages\/11756","targetHints":{"allow":["GET"]}}],"collection":[{"href":"https:\/\/elabphotographers.com\/de\/wp-json\/wp\/v2\/pages"}],"about":[{"href":"https:\/\/elabphotographers.com\/de\/wp-json\/wp\/v2\/types\/page"}],"author":[{"embeddable":true,"href":"https:\/\/elabphotographers.com\/de\/wp-json\/wp\/v2\/users\/1"}],"replies":[{"embeddable":true,"href":"https:\/\/elabphotographers.com\/de\/wp-json\/wp\/v2\/comments?post=11756"}],"version-history":[{"count":0,"href":"https:\/\/elabphotographers.com\/de\/wp-json\/wp\/v2\/pages\/11756\/revisions"}],"wp:attachment":[{"href":"https:\/\/elabphotographers.com\/de\/wp-json\/wp\/v2\/media?parent=11756"}],"curies":[{"name":"wp","href":"https:\/\/api.w.org\/{rel}","templated":true}]}}