{"id":11756,"date":"2023-12-14T19:05:51","date_gmt":"2023-12-14T19:05:51","guid":{"rendered":"https:\/\/elabphotographers.com\/?page_id=11756"},"modified":"2023-12-14T19:11:54","modified_gmt":"2023-12-14T19:11:54","slug":"politica-de-cookies","status":"publish","type":"page","link":"https:\/\/elabphotographers.com\/es\/politica-de-cookies\/","title":{"rendered":"Pol\u00edtica de cookies"},"content":{"rendered":"<div data-elementor-type=\"wp-page\" data-elementor-id=\"11756\" class=\"elementor elementor-11756\" data-elementor-post-type=\"page\">\n\t\t\t\t\t\t<div class=\"elementor-section elementor-top-section elementor-element elementor-element-ff8ab50 elementor-section-stretched elementor-section-content-middle elementor-section-boxed elementor-section-height-default elementor-section-height-default\" data-id=\"ff8ab50\" data-element_type=\"section\" data-e-type=\"section\" data-settings=\"{&quot;background_background&quot;:&quot;classic&quot;,&quot;stretch_section&quot;:&quot;section-stretched&quot;,&quot;artale_ext_is_background_parallax&quot;:&quot;false&quot;,&quot;artale_ext_is_background_on_scroll&quot;:&quot;false&quot;}\">\n\t\t\t\t\t\t<div class=\"elementor-container elementor-column-gap-default\">\n\t\t\t\t\t<div class=\"elementor-column elementor-col-100 elementor-top-column elementor-element elementor-element-874432b\" data-id=\"874432b\" data-element_type=\"column\" data-e-type=\"column\" data-settings=\"{&quot;artale_ext_link_sidemenu&quot;:&quot;false&quot;,&quot;artale_ext_link_fullmenu&quot;:&quot;false&quot;,&quot;artale_ext_is_sticky&quot;:&quot;false&quot;,&quot;artale_ext_is_scrollme&quot;:&quot;false&quot;,&quot;artale_ext_is_smoove&quot;:&quot;false&quot;,&quot;artale_ext_is_parallax_mouse&quot;:&quot;false&quot;,&quot;artale_ext_is_infinite&quot;:&quot;false&quot;,&quot;artale_ext_is_fadeout_animation&quot;:&quot;false&quot;}\">\n\t\t\t<div class=\"elementor-widget-wrap elementor-element-populated\">\n\t\t\t\t\t\t<div class=\"elementor-element elementor-element-a0394f5 elementor-hidden-desktop elementor-hidden-tablet elementor-widget elementor-widget-spacer\" data-id=\"a0394f5\" data-element_type=\"widget\" data-e-type=\"widget\" data-settings=\"{&quot;artale_ext_link_sidemenu&quot;:&quot;false&quot;,&quot;artale_ext_link_fullmenu&quot;:&quot;false&quot;,&quot;artale_ext_is_sticky&quot;:&quot;false&quot;,&quot;artale_ext_is_scrollme&quot;:&quot;false&quot;,&quot;artale_ext_is_smoove&quot;:&quot;false&quot;,&quot;artale_ext_is_parallax_mouse&quot;:&quot;false&quot;,&quot;artale_ext_is_infinite&quot;:&quot;false&quot;,&quot;artale_ext_is_fadeout_animation&quot;:&quot;false&quot;}\" data-widget_type=\"spacer.default\">\n\t\t\t\t<div class=\"elementor-widget-container\">\n\t\t\t\t\t\t\t<div class=\"elementor-spacer\">\n\t\t\t<div class=\"elementor-spacer-inner\"><\/div>\n\t\t<\/div>\n\t\t\t\t\t\t<\/div>\n\t\t\t\t<\/div>\n\t\t\t\t<div class=\"elementor-section elementor-inner-section elementor-element elementor-element-96fd64f elementor-section-boxed elementor-section-height-default elementor-section-height-default\" data-id=\"96fd64f\" data-element_type=\"section\" data-e-type=\"section\" data-settings=\"{&quot;artale_ext_is_background_parallax&quot;:&quot;false&quot;,&quot;artale_ext_is_background_on_scroll&quot;:&quot;false&quot;}\">\n\t\t\t\t\t\t<div class=\"elementor-container elementor-column-gap-default\">\n\t\t\t\t\t<div class=\"elementor-column elementor-col-100 elementor-inner-column elementor-element elementor-element-a6e4085\" data-id=\"a6e4085\" data-element_type=\"column\" data-e-type=\"column\" data-settings=\"{&quot;artale_ext_link_sidemenu&quot;:&quot;false&quot;,&quot;artale_ext_link_fullmenu&quot;:&quot;false&quot;,&quot;artale_ext_is_sticky&quot;:&quot;false&quot;,&quot;artale_ext_is_scrollme&quot;:&quot;false&quot;,&quot;artale_ext_is_smoove&quot;:&quot;false&quot;,&quot;artale_ext_is_parallax_mouse&quot;:&quot;false&quot;,&quot;artale_ext_is_infinite&quot;:&quot;false&quot;,&quot;artale_ext_is_fadeout_animation&quot;:&quot;false&quot;}\">\n\t\t\t<div class=\"elementor-widget-wrap elementor-element-populated\">\n\t\t\t\t\t\t<div class=\"elementor-element elementor-element-f5d4f40 elementor-widget elementor-widget-heading\" data-id=\"f5d4f40\" data-element_type=\"widget\" data-e-type=\"widget\" data-settings=\"{&quot;artale_ext_link_sidemenu&quot;:&quot;false&quot;,&quot;artale_ext_link_fullmenu&quot;:&quot;false&quot;,&quot;artale_ext_is_sticky&quot;:&quot;false&quot;,&quot;artale_ext_is_scrollme&quot;:&quot;false&quot;,&quot;artale_ext_is_smoove&quot;:&quot;false&quot;,&quot;artale_ext_is_parallax_mouse&quot;:&quot;false&quot;,&quot;artale_ext_is_infinite&quot;:&quot;false&quot;,&quot;artale_ext_is_fadeout_animation&quot;:&quot;false&quot;}\" data-widget_type=\"heading.default\">\n\t\t\t\t<div class=\"elementor-widget-container\">\n\t\t\t\t\t<h1 class=\"elementor-heading-title elementor-size-default\">POL\u00cdTICA DE COOKIES<\/h1>\t\t\t\t<\/div>\n\t\t\t\t<\/div>\n\t\t\t\t\t<\/div>\n\t\t<\/div>\n\t\t\t\t\t<\/div>\n\t\t<\/div>\n\t\t\t\t\t<\/div>\n\t\t<\/div>\n\t\t\t\t\t<\/div>\n\t\t<\/div>\n\t\t\t\t<section class=\"elementor-section elementor-top-section elementor-element elementor-element-f507d36 elementor-section-boxed elementor-section-height-default elementor-section-height-default\" data-id=\"f507d36\" data-element_type=\"section\" data-e-type=\"section\" data-settings=\"{&quot;artale_ext_is_background_parallax&quot;:&quot;false&quot;,&quot;artale_ext_is_background_on_scroll&quot;:&quot;false&quot;}\">\n\t\t\t\t\t\t<div class=\"elementor-container elementor-column-gap-default\">\n\t\t\t\t\t<div class=\"elementor-column elementor-col-100 elementor-top-column elementor-element elementor-element-c6d2a2f\" data-id=\"c6d2a2f\" data-element_type=\"column\" data-e-type=\"column\" data-settings=\"{&quot;artale_ext_link_sidemenu&quot;:&quot;false&quot;,&quot;artale_ext_link_fullmenu&quot;:&quot;false&quot;,&quot;artale_ext_is_sticky&quot;:&quot;false&quot;,&quot;artale_ext_is_scrollme&quot;:&quot;false&quot;,&quot;artale_ext_is_smoove&quot;:&quot;false&quot;,&quot;artale_ext_is_parallax_mouse&quot;:&quot;false&quot;,&quot;artale_ext_is_infinite&quot;:&quot;false&quot;,&quot;artale_ext_is_fadeout_animation&quot;:&quot;false&quot;}\">\n\t\t\t<div class=\"elementor-widget-wrap elementor-element-populated\">\n\t\t\t\t\t\t<div class=\"elementor-element elementor-element-6da4036 elementor-widget elementor-widget-heading\" data-id=\"6da4036\" data-element_type=\"widget\" data-e-type=\"widget\" data-settings=\"{&quot;artale_ext_link_sidemenu&quot;:&quot;false&quot;,&quot;artale_ext_link_fullmenu&quot;:&quot;false&quot;,&quot;artale_ext_is_sticky&quot;:&quot;false&quot;,&quot;artale_ext_is_scrollme&quot;:&quot;false&quot;,&quot;artale_ext_is_smoove&quot;:&quot;false&quot;,&quot;artale_ext_is_parallax_mouse&quot;:&quot;false&quot;,&quot;artale_ext_is_infinite&quot;:&quot;false&quot;,&quot;artale_ext_is_fadeout_animation&quot;:&quot;false&quot;}\" data-widget_type=\"heading.default\">\n\t\t\t\t<div class=\"elementor-widget-container\">\n\t\t\t\t\t<h2 class=\"elementor-heading-title elementor-size-default\">POL\u00cdTICA DE COOKIES AMPLIADA<\/h2>\t\t\t\t<\/div>\n\t\t\t\t<\/div>\n\t\t\t\t\t<\/div>\n\t\t<\/div>\n\t\t\t\t\t<\/div>\n\t\t<\/section>\n\t\t\t\t<section class=\"elementor-section elementor-top-section elementor-element elementor-element-6aabf5e elementor-section-boxed elementor-section-height-default elementor-section-height-default\" data-id=\"6aabf5e\" data-element_type=\"section\" data-e-type=\"section\" data-settings=\"{&quot;artale_ext_is_background_parallax&quot;:&quot;false&quot;,&quot;artale_ext_is_background_on_scroll&quot;:&quot;false&quot;}\">\n\t\t\t\t\t\t<div class=\"elementor-container elementor-column-gap-default\">\n\t\t\t\t\t<div class=\"elementor-column elementor-col-100 elementor-top-column elementor-element elementor-element-b1e6607\" data-id=\"b1e6607\" data-element_type=\"column\" data-e-type=\"column\" data-settings=\"{&quot;artale_ext_link_sidemenu&quot;:&quot;false&quot;,&quot;artale_ext_link_fullmenu&quot;:&quot;false&quot;,&quot;artale_ext_is_sticky&quot;:&quot;false&quot;,&quot;artale_ext_is_scrollme&quot;:&quot;false&quot;,&quot;artale_ext_is_smoove&quot;:&quot;false&quot;,&quot;artale_ext_is_parallax_mouse&quot;:&quot;false&quot;,&quot;artale_ext_is_infinite&quot;:&quot;false&quot;,&quot;artale_ext_is_fadeout_animation&quot;:&quot;false&quot;}\">\n\t\t\t<div class=\"elementor-widget-wrap elementor-element-populated\">\n\t\t\t\t\t\t<div class=\"elementor-element elementor-element-267e711 elementor-widget elementor-widget-text-editor\" data-id=\"267e711\" data-element_type=\"widget\" data-e-type=\"widget\" data-settings=\"{&quot;artale_ext_link_sidemenu&quot;:&quot;false&quot;,&quot;artale_ext_link_fullmenu&quot;:&quot;false&quot;,&quot;artale_ext_is_sticky&quot;:&quot;false&quot;,&quot;artale_ext_is_scrollme&quot;:&quot;false&quot;,&quot;artale_ext_is_smoove&quot;:&quot;false&quot;,&quot;artale_ext_is_parallax_mouse&quot;:&quot;false&quot;,&quot;artale_ext_is_infinite&quot;:&quot;false&quot;,&quot;artale_ext_is_fadeout_animation&quot;:&quot;false&quot;}\" data-widget_type=\"text-editor.default\">\n\t\t\t\t<div class=\"elementor-widget-container\">\n\t\t\t\t\t\t\t\t\t<p>Las Cookies son porciones de c\u00f3digo instaladas dentro del navegador del Usuario que ayudan al Responsable a prestar el servicio para los fines descritos. Algunos de los fines para los que se instalan las Cookies tambi\u00e9n pueden requerir el consentimiento del Usuario.<\/p><div id=\"page_content_wrapper\" class=\"\"><div class=\"inner\"><div class=\"inner_wrapper\"><div class=\"sidebar_content full_width\"><p>\u00a0Las Cookies consisten en porciones de c\u00f3digo instaladas dentro del navegador del Usuario que ayudan al Responsable a prestar el servicio para los fines descritos. Algunos de los fines para los que se instalan las Cookies tambi\u00e9n pueden requerir el consentimiento del Usuario.<\/p><p><strong>COOKIES T\u00c9CNICAS Y DE ESTAD\u00cdSTICAS AGREGADAS<\/strong><\/p><p><strong>Actividades estrictamente necesarias para el funcionamiento<\/strong><\/p><p>Este sitio utiliza cookies para guardar la sesi\u00f3n del usuario y realizar otras actividades estrictamente necesarias para el funcionamiento del sitio, por ejemplo, en relaci\u00f3n con la distribuci\u00f3n del tr\u00e1fico.<\/p><p><strong>Guardar preferencias, optimizaci\u00f3n y estad\u00edsticas<\/strong><\/p><p>Este sitio utiliza Cookies para guardar las preferencias de navegaci\u00f3n y optimizar la experiencia de navegaci\u00f3n del Usuario. Estas Cookies incluyen, por ejemplo, las utilizadas para configurar el idioma y la moneda o con fines estad\u00edsticos por el propietario del sitio.<\/p><p><strong>Otros tipos de cookies o herramientas de terceros que puedan utilizarlas<\/strong><\/p><p>Algunos de los servicios enumerados a continuaci\u00f3n recopilan estad\u00edsticas de forma agregada y pueden no requerir el consentimiento del usuario o ser gestionados directamente por el propietario, como se describe, sin la ayuda de terceros.<\/p><p>Google Analytics (Google)<\/p><p>Google Analytics es un servicio de an\u00e1lisis web prestado por Google Inc. (\"Google\"). Google utiliza los Datos Personales recopilados con el fin de rastrear y examinar el uso de esta Aplicaci\u00f3n, compilar informes y compartirlos con otros servicios desarrollados por Google.<br \/>Google puede utilizar los Datos Personales para contextualizar y personalizar los anuncios de su red publicitaria.<br \/>Los datos personales recogidos son: Cookies y Datos de Uso.<br \/>Lugar de elaboraci\u00f3n: EE.UU.<br \/>En los siguientes enlaces puede consultar\u00a0<a href=\"https:\/\/www.google.com\/intl\/it_it\/analytics\/learn\/privacy.html\" target=\"_blank\" rel=\"noopener\">Pol\u00edtica de privacidad<\/a>\u00a0y exclusi\u00f3n voluntaria<\/p><p>Google Maps (Google)<\/p><p>En algunas p\u00e1ginas hay mapas interactivos proporcionados por Google, que puede instalar cookies para detectar informaci\u00f3n y preferencias relacionadas con este servicio. Para m\u00e1s informaci\u00f3n sobre el uso de cookies por parte de Google, consulte la pol\u00edtica de privacidad de Google:\u00a0<a href=\"http:\/\/www.google.com\/intl\/it\/policies\/privacy\" target=\"_blank\" rel=\"noopener\">http:\/\/www.google.com\/intl\/it\/policies\/privacy<\/a><\/p><p>Servicios de terceros<\/p><p>El sitio integra, dentro de sus p\u00e1ginas, servicios de terceros que pueden establecer y utilizar sus propias cookies y\/o tecnolog\u00edas similares. El uso de dichas cookies y tecnolog\u00edas similares por parte de estas empresas se rige por las pol\u00edticas de privacidad de dichas empresas y no por la presente pol\u00edtica, ya que el Responsable del Tratamiento es totalmente ajeno a la gesti\u00f3n de dichas herramientas y al tratamiento de los datos derivados de las mismas.<br \/>A continuaci\u00f3n le ofrecemos una lista (no exhaustiva) de algunas de las empresas asociadas que pueden utilizar cookies mientras navega por la red de nuestra organizaci\u00f3n:<br \/>- Google Analytics (<a href=\"https:\/\/www.google.com\/analytics\/learn\/privacy.html?hl=it\" target=\"_blank\" rel=\"noopener\">divulgaci\u00f3n<\/a>)<\/p><p><strong>\u00bfC\u00f3mo puedo gestionar las cookies en mi navegador?<\/strong><\/p><p>Adem\u00e1s de lo indicado en este documento, puede gestionar sus preferencias de Cookies directamente en su navegador e impedir -por ejemplo- que terceros instalen Cookies. Tambi\u00e9n puede utilizar las preferencias de su navegador para eliminar las Cookies instaladas anteriormente, incluida la Cookie en la que puede haber guardado su consentimiento para la instalaci\u00f3n de Cookies por parte de este sitio web. Es importante tener en cuenta que al desactivar todas las Cookies, el funcionamiento de este sitio web puede verse afectado. Puede encontrar informaci\u00f3n sobre c\u00f3mo gestionar las Cookies en su navegador en las siguientes direcciones:\u00a0<a href=\"https:\/\/support.google.com\/chrome\/answer\/95647?hl=en&amp;p=cpn_cookies\" target=\"_blank\" rel=\"noopener noreferrer\">Google Chrome<\/a>,\u00a0<a href=\"https:\/\/support.mozilla.org\/it\/kb\/Attivare%20e%20disattivare%20i%20cookie?redirectlocale=en-US&amp;redirectslug=Enabling+and+disabling+cookies\" target=\"_blank\" rel=\"noopener noreferrer\">Mozilla Firefox<\/a>,\u00a0<a href=\"https:\/\/support.apple.com\/kb\/PH19214?viewlocale=it_IT&amp;locale=en_US\" target=\"_blank\" rel=\"noopener noreferrer\">Safari de Apple<\/a>\u00a0e\u00a0<a href=\"http:\/\/windows.microsoft.com\/it-it\/windows-vista\/block-or-allow-cookies\" target=\"_blank\" rel=\"noopener noreferrer\">Explorador de Microsoft Windows<\/a>.<br \/>A continuaci\u00f3n, sin embargo, proporcionamos instrucciones para los navegadores m\u00e1s populares con el fin de llevar a cabo la configuraci\u00f3n personalizada de cookies:<\/p><p>Microsoft Internet Explorer<\/p><p>1. Haga clic en \"Herramientas\" en la parte superior de la ventana del navegador;<br \/>2. Seleccione \"Opciones de Internet\";<br \/>3.Haga clic en la pesta\u00f1a \"Privacidad\";<br \/>4.Para activar las cookies, el nivel de privacidad debe ser \"Medio\" o inferior; si el nivel de privacidad es superior a \"Medio\", se desactivar\u00e1 el uso de cookies.<\/p><p>Mozilla Firefox<\/p><p>1. Haga clic en \"Herramientas\" en la parte superior de la ventana del navegador;<br \/>2. Seleccione \"Opciones\";<br \/>3. Seleccione el icono \"Privacidad\";<br \/>4. Haga clic en \"Cookies\";<br \/>5. marque o desmarque las opciones \"Aceptar cookies de sitios\" y \"Aceptar cookies de terceros\".<\/p><p>Google Chrome<\/p><p>1.Haz clic en el icono del men\u00fa;<br \/>2. Seleccione \"Ajustes\";<br \/>3.En la parte inferior de la p\u00e1gina, seleccione \"Mostrar configuraci\u00f3n avanzada\";<br \/>4.En la secci\u00f3n \"Privacidad\", seleccione \"Configuraci\u00f3n de contenido\";<br \/>5. seleccione si desea o no \"impedir que los sitios establezcan datos\".<\/p><p>Safari de Apple<\/p><p>1.Haga clic en la etiqueta \"Safari\" situada en la parte superior de la ventana del navegador;<br \/>2. Seleccione la opci\u00f3n \"Preferencias\";<br \/>3.Haga clic en \"Privacidad\";<br \/>4.establezca su elecci\u00f3n en \"Cookies y datos del sitio web\".<\/p><p>Para m\u00e1s informaci\u00f3n sobre el uso de cookies y c\u00f3mo bloquearlas, puede visitar los siguientes sitios:<br \/><a href=\"http:\/\/www.youronlinechoices.eu\/\" target=\"_blank\" rel=\"noopener noreferrer\">www.youronlinechoices.eu\u00a0<\/a><br \/><a href=\"http:\/\/www.allaboutcookies.org\/\" target=\"_blank\" rel=\"noopener noreferrer\">www.allaboutcookies.org<\/a><\/p><p><strong>Controlador de datos<\/strong><\/p><p>Elab Photographers, Piazza Duca di Genova 18 - 95100 Catania.<\/p><p>Dado que la instalaci\u00f3n de Cookies y otros sistemas de seguimiento operados por terceros a trav\u00e9s de los servicios utilizados en esta Aplicaci\u00f3n no puede ser controlada t\u00e9cnicamente por el Propietario, cualquier referencia espec\u00edfica a Cookies y sistemas de seguimiento instalados por terceros debe considerarse indicativa. Para obtener informaci\u00f3n completa, consulte la pol\u00edtica de privacidad de los servicios de terceros mencionados en este documento.<br \/>En vista de la complejidad objetiva asociada a la identificaci\u00f3n de las tecnolog\u00edas basadas en cookies y su estrecha integraci\u00f3n con el funcionamiento de la web, se invita a los Usuarios a ponerse en contacto con el Responsable del Tratamiento si desean recibir m\u00e1s informaci\u00f3n sobre el uso de cookies y cualquier uso de las mismas -por ejemplo, por parte de terceros- realizado a trav\u00e9s de este sitio.<\/p><\/div><\/div><\/div><\/div>\t\t\t\t\t\t\t\t<\/div>\n\t\t\t\t<\/div>\n\t\t\t\t\t<\/div>\n\t\t<\/div>\n\t\t\t\t\t<\/div>\n\t\t<\/section>\n\t\t\t\t<\/div>","protected":false},"excerpt":{"rendered":"<p>COOKIE POLICY INFORMATIVA ESTESA SUI COOKIE I Cookie sono costituiti da porzioni di codice installate all\u2019interno del browser dell\u2019utente che assistono il Titolare nell\u2019erogazione del servizio in base alle finalit\u00e0 descritte. Alcune delle finalit\u00e0 di installazione dei Cookie potrebbero, inoltre, [&hellip;]<\/p>\n","protected":false},"author":1,"featured_media":0,"parent":0,"menu_order":0,"comment_status":"closed","ping_status":"closed","template":"","meta":{"footnotes":""},"class_list":["post-11756","page","type-page","status-publish","hentry"],"_links":{"self":[{"href":"https:\/\/elabphotographers.com\/es\/wp-json\/wp\/v2\/pages\/11756","targetHints":{"allow":["GET"]}}],"collection":[{"href":"https:\/\/elabphotographers.com\/es\/wp-json\/wp\/v2\/pages"}],"about":[{"href":"https:\/\/elabphotographers.com\/es\/wp-json\/wp\/v2\/types\/page"}],"author":[{"embeddable":true,"href":"https:\/\/elabphotographers.com\/es\/wp-json\/wp\/v2\/users\/1"}],"replies":[{"embeddable":true,"href":"https:\/\/elabphotographers.com\/es\/wp-json\/wp\/v2\/comments?post=11756"}],"version-history":[{"count":0,"href":"https:\/\/elabphotographers.com\/es\/wp-json\/wp\/v2\/pages\/11756\/revisions"}],"wp:attachment":[{"href":"https:\/\/elabphotographers.com\/es\/wp-json\/wp\/v2\/media?parent=11756"}],"curies":[{"name":"wp","href":"https:\/\/api.w.org\/{rel}","templated":true}]}}