{"id":11756,"date":"2023-12-14T19:05:51","date_gmt":"2023-12-14T19:05:51","guid":{"rendered":"https:\/\/elabphotographers.com\/?page_id=11756"},"modified":"2023-12-14T19:11:54","modified_gmt":"2023-12-14T19:11:54","slug":"politique-en-matiere-de-cookies","status":"publish","type":"page","link":"https:\/\/elabphotographers.com\/fr\/politique-en-matiere-de-cookies\/","title":{"rendered":"Politique en mati\u00e8re de cookies"},"content":{"rendered":"<div data-elementor-type=\"wp-page\" data-elementor-id=\"11756\" class=\"elementor elementor-11756\" data-elementor-post-type=\"page\">\n\t\t\t\t\t\t<div class=\"elementor-section elementor-top-section elementor-element elementor-element-ff8ab50 elementor-section-stretched elementor-section-content-middle elementor-section-boxed elementor-section-height-default elementor-section-height-default\" data-id=\"ff8ab50\" data-element_type=\"section\" data-e-type=\"section\" data-settings=\"{&quot;background_background&quot;:&quot;classic&quot;,&quot;stretch_section&quot;:&quot;section-stretched&quot;,&quot;artale_ext_is_background_parallax&quot;:&quot;false&quot;,&quot;artale_ext_is_background_on_scroll&quot;:&quot;false&quot;}\">\n\t\t\t\t\t\t<div class=\"elementor-container elementor-column-gap-default\">\n\t\t\t\t\t<div class=\"elementor-column elementor-col-100 elementor-top-column elementor-element elementor-element-874432b\" data-id=\"874432b\" data-element_type=\"column\" data-e-type=\"column\" data-settings=\"{&quot;artale_ext_link_sidemenu&quot;:&quot;false&quot;,&quot;artale_ext_link_fullmenu&quot;:&quot;false&quot;,&quot;artale_ext_is_sticky&quot;:&quot;false&quot;,&quot;artale_ext_is_scrollme&quot;:&quot;false&quot;,&quot;artale_ext_is_smoove&quot;:&quot;false&quot;,&quot;artale_ext_is_parallax_mouse&quot;:&quot;false&quot;,&quot;artale_ext_is_infinite&quot;:&quot;false&quot;,&quot;artale_ext_is_fadeout_animation&quot;:&quot;false&quot;}\">\n\t\t\t<div class=\"elementor-widget-wrap elementor-element-populated\">\n\t\t\t\t\t\t<div class=\"elementor-element elementor-element-a0394f5 elementor-hidden-desktop elementor-hidden-tablet elementor-widget elementor-widget-spacer\" data-id=\"a0394f5\" data-element_type=\"widget\" data-e-type=\"widget\" data-settings=\"{&quot;artale_ext_link_sidemenu&quot;:&quot;false&quot;,&quot;artale_ext_link_fullmenu&quot;:&quot;false&quot;,&quot;artale_ext_is_sticky&quot;:&quot;false&quot;,&quot;artale_ext_is_scrollme&quot;:&quot;false&quot;,&quot;artale_ext_is_smoove&quot;:&quot;false&quot;,&quot;artale_ext_is_parallax_mouse&quot;:&quot;false&quot;,&quot;artale_ext_is_infinite&quot;:&quot;false&quot;,&quot;artale_ext_is_fadeout_animation&quot;:&quot;false&quot;}\" data-widget_type=\"spacer.default\">\n\t\t\t\t<div class=\"elementor-widget-container\">\n\t\t\t\t\t\t\t<div class=\"elementor-spacer\">\n\t\t\t<div class=\"elementor-spacer-inner\"><\/div>\n\t\t<\/div>\n\t\t\t\t\t\t<\/div>\n\t\t\t\t<\/div>\n\t\t\t\t<div class=\"elementor-section elementor-inner-section elementor-element elementor-element-96fd64f elementor-section-boxed elementor-section-height-default elementor-section-height-default\" data-id=\"96fd64f\" data-element_type=\"section\" data-e-type=\"section\" data-settings=\"{&quot;artale_ext_is_background_parallax&quot;:&quot;false&quot;,&quot;artale_ext_is_background_on_scroll&quot;:&quot;false&quot;}\">\n\t\t\t\t\t\t<div class=\"elementor-container elementor-column-gap-default\">\n\t\t\t\t\t<div class=\"elementor-column elementor-col-100 elementor-inner-column elementor-element elementor-element-a6e4085\" data-id=\"a6e4085\" data-element_type=\"column\" data-e-type=\"column\" data-settings=\"{&quot;artale_ext_link_sidemenu&quot;:&quot;false&quot;,&quot;artale_ext_link_fullmenu&quot;:&quot;false&quot;,&quot;artale_ext_is_sticky&quot;:&quot;false&quot;,&quot;artale_ext_is_scrollme&quot;:&quot;false&quot;,&quot;artale_ext_is_smoove&quot;:&quot;false&quot;,&quot;artale_ext_is_parallax_mouse&quot;:&quot;false&quot;,&quot;artale_ext_is_infinite&quot;:&quot;false&quot;,&quot;artale_ext_is_fadeout_animation&quot;:&quot;false&quot;}\">\n\t\t\t<div class=\"elementor-widget-wrap elementor-element-populated\">\n\t\t\t\t\t\t<div class=\"elementor-element elementor-element-f5d4f40 elementor-widget elementor-widget-heading\" data-id=\"f5d4f40\" data-element_type=\"widget\" data-e-type=\"widget\" data-settings=\"{&quot;artale_ext_link_sidemenu&quot;:&quot;false&quot;,&quot;artale_ext_link_fullmenu&quot;:&quot;false&quot;,&quot;artale_ext_is_sticky&quot;:&quot;false&quot;,&quot;artale_ext_is_scrollme&quot;:&quot;false&quot;,&quot;artale_ext_is_smoove&quot;:&quot;false&quot;,&quot;artale_ext_is_parallax_mouse&quot;:&quot;false&quot;,&quot;artale_ext_is_infinite&quot;:&quot;false&quot;,&quot;artale_ext_is_fadeout_animation&quot;:&quot;false&quot;}\" data-widget_type=\"heading.default\">\n\t\t\t\t<div class=\"elementor-widget-container\">\n\t\t\t\t\t<h1 class=\"elementor-heading-title elementor-size-default\">POLITIQUE EN MATI\u00c8RE DE COOKIES<\/h1>\t\t\t\t<\/div>\n\t\t\t\t<\/div>\n\t\t\t\t\t<\/div>\n\t\t<\/div>\n\t\t\t\t\t<\/div>\n\t\t<\/div>\n\t\t\t\t\t<\/div>\n\t\t<\/div>\n\t\t\t\t\t<\/div>\n\t\t<\/div>\n\t\t\t\t<section class=\"elementor-section elementor-top-section elementor-element elementor-element-f507d36 elementor-section-boxed elementor-section-height-default elementor-section-height-default\" data-id=\"f507d36\" data-element_type=\"section\" data-e-type=\"section\" data-settings=\"{&quot;artale_ext_is_background_parallax&quot;:&quot;false&quot;,&quot;artale_ext_is_background_on_scroll&quot;:&quot;false&quot;}\">\n\t\t\t\t\t\t<div class=\"elementor-container elementor-column-gap-default\">\n\t\t\t\t\t<div class=\"elementor-column elementor-col-100 elementor-top-column elementor-element elementor-element-c6d2a2f\" data-id=\"c6d2a2f\" data-element_type=\"column\" data-e-type=\"column\" data-settings=\"{&quot;artale_ext_link_sidemenu&quot;:&quot;false&quot;,&quot;artale_ext_link_fullmenu&quot;:&quot;false&quot;,&quot;artale_ext_is_sticky&quot;:&quot;false&quot;,&quot;artale_ext_is_scrollme&quot;:&quot;false&quot;,&quot;artale_ext_is_smoove&quot;:&quot;false&quot;,&quot;artale_ext_is_parallax_mouse&quot;:&quot;false&quot;,&quot;artale_ext_is_infinite&quot;:&quot;false&quot;,&quot;artale_ext_is_fadeout_animation&quot;:&quot;false&quot;}\">\n\t\t\t<div class=\"elementor-widget-wrap elementor-element-populated\">\n\t\t\t\t\t\t<div class=\"elementor-element elementor-element-6da4036 elementor-widget elementor-widget-heading\" data-id=\"6da4036\" data-element_type=\"widget\" data-e-type=\"widget\" data-settings=\"{&quot;artale_ext_link_sidemenu&quot;:&quot;false&quot;,&quot;artale_ext_link_fullmenu&quot;:&quot;false&quot;,&quot;artale_ext_is_sticky&quot;:&quot;false&quot;,&quot;artale_ext_is_scrollme&quot;:&quot;false&quot;,&quot;artale_ext_is_smoove&quot;:&quot;false&quot;,&quot;artale_ext_is_parallax_mouse&quot;:&quot;false&quot;,&quot;artale_ext_is_infinite&quot;:&quot;false&quot;,&quot;artale_ext_is_fadeout_animation&quot;:&quot;false&quot;}\" data-widget_type=\"heading.default\">\n\t\t\t\t<div class=\"elementor-widget-container\">\n\t\t\t\t\t<h2 class=\"elementor-heading-title elementor-size-default\">POLITIQUE \u00c9LARGIE EN MATI\u00c8RE DE COOKIES<\/h2>\t\t\t\t<\/div>\n\t\t\t\t<\/div>\n\t\t\t\t\t<\/div>\n\t\t<\/div>\n\t\t\t\t\t<\/div>\n\t\t<\/section>\n\t\t\t\t<section class=\"elementor-section elementor-top-section elementor-element elementor-element-6aabf5e elementor-section-boxed elementor-section-height-default elementor-section-height-default\" data-id=\"6aabf5e\" data-element_type=\"section\" data-e-type=\"section\" data-settings=\"{&quot;artale_ext_is_background_parallax&quot;:&quot;false&quot;,&quot;artale_ext_is_background_on_scroll&quot;:&quot;false&quot;}\">\n\t\t\t\t\t\t<div class=\"elementor-container elementor-column-gap-default\">\n\t\t\t\t\t<div class=\"elementor-column elementor-col-100 elementor-top-column elementor-element elementor-element-b1e6607\" data-id=\"b1e6607\" data-element_type=\"column\" data-e-type=\"column\" data-settings=\"{&quot;artale_ext_link_sidemenu&quot;:&quot;false&quot;,&quot;artale_ext_link_fullmenu&quot;:&quot;false&quot;,&quot;artale_ext_is_sticky&quot;:&quot;false&quot;,&quot;artale_ext_is_scrollme&quot;:&quot;false&quot;,&quot;artale_ext_is_smoove&quot;:&quot;false&quot;,&quot;artale_ext_is_parallax_mouse&quot;:&quot;false&quot;,&quot;artale_ext_is_infinite&quot;:&quot;false&quot;,&quot;artale_ext_is_fadeout_animation&quot;:&quot;false&quot;}\">\n\t\t\t<div class=\"elementor-widget-wrap elementor-element-populated\">\n\t\t\t\t\t\t<div class=\"elementor-element elementor-element-267e711 elementor-widget elementor-widget-text-editor\" data-id=\"267e711\" data-element_type=\"widget\" data-e-type=\"widget\" data-settings=\"{&quot;artale_ext_link_sidemenu&quot;:&quot;false&quot;,&quot;artale_ext_link_fullmenu&quot;:&quot;false&quot;,&quot;artale_ext_is_sticky&quot;:&quot;false&quot;,&quot;artale_ext_is_scrollme&quot;:&quot;false&quot;,&quot;artale_ext_is_smoove&quot;:&quot;false&quot;,&quot;artale_ext_is_parallax_mouse&quot;:&quot;false&quot;,&quot;artale_ext_is_infinite&quot;:&quot;false&quot;,&quot;artale_ext_is_fadeout_animation&quot;:&quot;false&quot;}\" data-widget_type=\"text-editor.default\">\n\t\t\t\t<div class=\"elementor-widget-container\">\n\t\t\t\t\t\t\t\t\t<p>Les cookies sont des portions de code install\u00e9es dans le navigateur de l'utilisateur qui aident le contr\u00f4leur \u00e0 fournir le service aux fins d\u00e9crites. Certaines des finalit\u00e9s pour lesquelles les cookies sont install\u00e9s peuvent \u00e9galement n\u00e9cessiter le consentement de l'utilisateur.<\/p><div id=\"page_content_wrapper\" class=\"\"><div class=\"inner\"><div class=\"inner_wrapper\"><div class=\"sidebar_content full_width\"><p>\u00a0Les cookies sont des portions de code install\u00e9es dans le navigateur de l'utilisateur qui aident le contr\u00f4leur \u00e0 fournir le service aux fins d\u00e9crites. Certaines des finalit\u00e9s pour lesquelles les cookies sont install\u00e9s peuvent \u00e9galement n\u00e9cessiter le consentement de l'utilisateur.<\/p><p><strong>COOKIES TECHNIQUES ET STATISTIQUES GLOBALES<\/strong><\/p><p><strong>Activit\u00e9s strictement n\u00e9cessaires au fonctionnement<\/strong><\/p><p>Ce site utilise des cookies pour sauvegarder la session de l'utilisateur et pour effectuer d'autres activit\u00e9s strictement n\u00e9cessaires au fonctionnement du site, par exemple en ce qui concerne la distribution du trafic.<\/p><p><strong>Sauvegarde des pr\u00e9f\u00e9rences, optimisation et statistiques<\/strong><\/p><p>Ce site utilise des cookies pour enregistrer les pr\u00e9f\u00e9rences de navigation et optimiser l'exp\u00e9rience de navigation de l'utilisateur. Ces cookies comprennent, par exemple, ceux utilis\u00e9s pour d\u00e9finir la langue et la devise ou \u00e0 des fins statistiques par le propri\u00e9taire du site.<\/p><p><strong>Autres types de cookies ou outils de tiers susceptibles de les utiliser<\/strong><\/p><p>Certains des services \u00e9num\u00e9r\u00e9s ci-dessous collectent des statistiques sous forme agr\u00e9g\u00e9e et peuvent ne pas n\u00e9cessiter le consentement de l'utilisateur ou peuvent \u00eatre exploit\u00e9s directement par le propri\u00e9taire, comme d\u00e9crit, sans l'aide de tiers.<\/p><p>Google Analytics (Google)<\/p><p>Google Analytics est un service d'analyse web fourni par Google Inc. (\"Google\"). Google utilise les donn\u00e9es personnelles collect\u00e9es afin de suivre et d'examiner l'utilisation de cette application, de compiler des rapports et de les partager avec d'autres services d\u00e9velopp\u00e9s par Google.<br \/>Google peut utiliser les donn\u00e9es personnelles pour contextualiser et personnaliser les annonces de son r\u00e9seau publicitaire.<br \/>Les donn\u00e9es personnelles collect\u00e9es sont les suivantes : Cookies et donn\u00e9es d'utilisation.<br \/>Lieu de transformation : U.S.A.<br \/>Les liens suivants vous permettent de consulter\u00a0<a href=\"https:\/\/www.google.com\/intl\/it_it\/analytics\/learn\/privacy.html\" target=\"_blank\" rel=\"noopener\">Politique de confidentialit\u00e9<\/a>\u00a0et Opt Out<\/p><p>Google Maps (Google)<\/p><p>Certaines pages contiennent des cartes interactives fournies par Google, qui peut installer des cookies pour d\u00e9tecter les informations et les pr\u00e9f\u00e9rences li\u00e9es \u00e0 ce service. Pour plus d'informations sur l'utilisation des cookies par Google, veuillez consulter la politique de confidentialit\u00e9 de Google :\u00a0<a href=\"http:\/\/www.google.com\/intl\/it\/policies\/privacy\" target=\"_blank\" rel=\"noopener\">http:\/\/www.google.com\/intl\/it\/policies\/privacy<\/a><\/p><p>Services de tiers<\/p><p>Le site int\u00e8gre, dans ses pages, des services de tiers qui peuvent installer et utiliser leurs propres cookies et\/ou technologies similaires. L'utilisation de ces cookies et technologies similaires par ces soci\u00e9t\u00e9s est r\u00e9gie par les politiques de confidentialit\u00e9 de ces soci\u00e9t\u00e9s et non par la pr\u00e9sente politique, le Responsable du traitement \u00e9tant totalement \u00e9tranger \u00e0 la gestion de ces outils et au traitement des donn\u00e9es qui en d\u00e9rivent.<br \/>Vous trouverez ci-dessous une liste (non exhaustive) de certaines entreprises partenaires susceptibles d'utiliser des cookies lorsque vous naviguez sur le r\u00e9seau de notre organisation :<br \/>- Google Analytics (<a href=\"https:\/\/www.google.com\/analytics\/learn\/privacy.html?hl=it\" target=\"_blank\" rel=\"noopener\">divulgation<\/a>)<\/p><p><strong>Comment puis-je g\u00e9rer les cookies dans mon navigateur ?<\/strong><\/p><p>Outre ce qui est indiqu\u00e9 dans le pr\u00e9sent document, vous pouvez g\u00e9rer vos pr\u00e9f\u00e9rences en mati\u00e8re de cookies directement dans votre navigateur et emp\u00eacher, par exemple, des tiers d'installer des cookies. Vous pouvez \u00e9galement utiliser les pr\u00e9f\u00e9rences de votre navigateur pour supprimer les cookies que vous avez install\u00e9s dans le pass\u00e9, y compris tous les cookies dans lesquels vous avez enregistr\u00e9 votre consentement \u00e0 l'installation de cookies par ce site web. Il est important de noter qu'en d\u00e9sactivant tous les cookies, le fonctionnement de ce site web peut \u00eatre alt\u00e9r\u00e9. Vous trouverez des informations sur la mani\u00e8re de g\u00e9rer les cookies dans votre navigateur aux adresses suivantes :\u00a0<a href=\"https:\/\/support.google.com\/chrome\/answer\/95647?hl=en&amp;p=cpn_cookies\" target=\"_blank\" rel=\"noopener noreferrer\">Google Chrome<\/a>,\u00a0<a href=\"https:\/\/support.mozilla.org\/it\/kb\/Attivare%20e%20disattivare%20i%20cookie?redirectlocale=en-US&amp;redirectslug=Enabling+and+disabling+cookies\" target=\"_blank\" rel=\"noopener noreferrer\">Mozilla Firefox<\/a>,\u00a0<a href=\"https:\/\/support.apple.com\/kb\/PH19214?viewlocale=it_IT&amp;locale=en_US\" target=\"_blank\" rel=\"noopener noreferrer\">Apple Safari<\/a>\u00a0e\u00a0<a href=\"http:\/\/windows.microsoft.com\/it-it\/windows-vista\/block-or-allow-cookies\" target=\"_blank\" rel=\"noopener noreferrer\">Explorateur Microsoft Windows<\/a>.<br \/>Toutefois, nous fournissons ci-dessous des instructions pour les navigateurs les plus populaires afin de proc\u00e9der \u00e0 une configuration personnalis\u00e9e des cookies :<\/p><p>Microsoft Internet Explorer<\/p><p>1. cliquez sur \"Outils\" en haut de la fen\u00eatre du navigateur ;<br \/>2. S\u00e9lectionnez \"Options Internet\" ;<br \/>3. cliquez sur l'onglet \"Vie priv\u00e9e\" ;<br \/>4. pour activer les cookies, le niveau de confidentialit\u00e9 doit \u00eatre r\u00e9gl\u00e9 sur \"moyen\" ou moins ; un niveau de confidentialit\u00e9 sup\u00e9rieur \u00e0 \"moyen\" d\u00e9sactivera l'utilisation des cookies.<\/p><p>Mozilla Firefox<\/p><p>1. cliquez sur \"Outils\" en haut de la fen\u00eatre du navigateur ;<br \/>2. S\u00e9lectionnez \"Options\" ;<br \/>3. S\u00e9lectionnez l'ic\u00f4ne \"Vie priv\u00e9e\" ;<br \/>4. cliquez sur \"Cookies\" ;<br \/>5. cochez ou d\u00e9cochez les rubriques \"Accepter les cookies des sites\" et \"Accepter les cookies de tiers\".<\/p><p>Google Chrome<\/p><p>1.cliquez sur l'ic\u00f4ne du menu ;<br \/>2. S\u00e9lectionnez \"Param\u00e8tres\" ;<br \/>3.En bas de la page, s\u00e9lectionnez \"Afficher les param\u00e8tres avanc\u00e9s\" ;<br \/>4. dans la section \"Vie priv\u00e9e\", s\u00e9lectionnez \"Param\u00e8tres de contenu\" ;<br \/>5. choisissez d'emp\u00eacher ou non les sites de d\u00e9finir des donn\u00e9es.<\/p><p>Apple Safari<\/p><p>1.Cliquez sur l'\u00e9tiquette \"Safari\" en haut de la fen\u00eatre du navigateur ;<br \/>2. S\u00e9lectionnez l'option \"Pr\u00e9f\u00e9rences\" ;<br \/>3. cliquez sur \"Vie priv\u00e9e\" ;<br \/>4.d\u00e9finir votre choix sous \"Cookies et donn\u00e9es du site web\".<\/p><p>Pour plus d'informations sur l'utilisation des cookies et la mani\u00e8re de les bloquer, vous pouvez consulter les sites suivants :<br \/><a href=\"http:\/\/www.youronlinechoices.eu\/\" target=\"_blank\" rel=\"noopener noreferrer\">www.youronlinechoices.eu\u00a0<\/a><br \/><a href=\"http:\/\/www.allaboutcookies.org\/\" target=\"_blank\" rel=\"noopener noreferrer\">www.allaboutcookies.org<\/a><\/p><p><strong>Responsable du traitement des donn\u00e9es<\/strong><\/p><p>Elab Photographers, Piazza Duca di Genova 18 - 95100 Catania.<\/p><p>\u00c9tant donn\u00e9 que l'installation de cookies et d'autres syst\u00e8mes de suivi exploit\u00e9s par des tiers par le biais des services utilis\u00e9s dans cette application ne peut pas \u00eatre contr\u00f4l\u00e9e techniquement par le propri\u00e9taire, toute r\u00e9f\u00e9rence sp\u00e9cifique \u00e0 des cookies et \u00e0 des syst\u00e8mes de suivi install\u00e9s par des tiers doit \u00eatre consid\u00e9r\u00e9e comme indicative. Pour des informations compl\u00e8tes, veuillez consulter la politique de confidentialit\u00e9 de tout service tiers mentionn\u00e9 dans ce document.<br \/>Compte tenu de la complexit\u00e9 objective li\u00e9e \u00e0 l'identification des technologies bas\u00e9es sur les cookies et de leur int\u00e9gration tr\u00e8s \u00e9troite avec le fonctionnement du web, les utilisateurs sont invit\u00e9s \u00e0 contacter le contr\u00f4leur des donn\u00e9es s'ils souhaitent recevoir de plus amples informations sur l'utilisation des cookies et sur toute utilisation de ceux-ci - par exemple par des tiers - effectu\u00e9e par le biais de ce site.<\/p><\/div><\/div><\/div><\/div>\t\t\t\t\t\t\t\t<\/div>\n\t\t\t\t<\/div>\n\t\t\t\t\t<\/div>\n\t\t<\/div>\n\t\t\t\t\t<\/div>\n\t\t<\/section>\n\t\t\t\t<\/div>","protected":false},"excerpt":{"rendered":"<p>COOKIE POLICY INFORMATIVA ESTESA SUI COOKIE I Cookie sono costituiti da porzioni di codice installate all\u2019interno del browser dell\u2019utente che assistono il Titolare nell\u2019erogazione del servizio in base alle finalit\u00e0 descritte. Alcune delle finalit\u00e0 di installazione dei Cookie potrebbero, inoltre, [&hellip;]<\/p>\n","protected":false},"author":1,"featured_media":0,"parent":0,"menu_order":0,"comment_status":"closed","ping_status":"closed","template":"","meta":{"footnotes":""},"class_list":["post-11756","page","type-page","status-publish","hentry"],"_links":{"self":[{"href":"https:\/\/elabphotographers.com\/fr\/wp-json\/wp\/v2\/pages\/11756","targetHints":{"allow":["GET"]}}],"collection":[{"href":"https:\/\/elabphotographers.com\/fr\/wp-json\/wp\/v2\/pages"}],"about":[{"href":"https:\/\/elabphotographers.com\/fr\/wp-json\/wp\/v2\/types\/page"}],"author":[{"embeddable":true,"href":"https:\/\/elabphotographers.com\/fr\/wp-json\/wp\/v2\/users\/1"}],"replies":[{"embeddable":true,"href":"https:\/\/elabphotographers.com\/fr\/wp-json\/wp\/v2\/comments?post=11756"}],"version-history":[{"count":0,"href":"https:\/\/elabphotographers.com\/fr\/wp-json\/wp\/v2\/pages\/11756\/revisions"}],"wp:attachment":[{"href":"https:\/\/elabphotographers.com\/fr\/wp-json\/wp\/v2\/media?parent=11756"}],"curies":[{"name":"wp","href":"https:\/\/api.w.org\/{rel}","templated":true}]}}