{"id":7113,"date":"2023-09-04T12:16:55","date_gmt":"2023-09-04T12:16:55","guid":{"rendered":"https:\/\/elabphotographers.com\/?page_id=7113"},"modified":"2023-12-14T19:05:12","modified_gmt":"2023-12-14T19:05:12","slug":"politique-de-confidentialite","status":"publish","type":"page","link":"https:\/\/elabphotographers.com\/fr\/politique-de-confidentialite\/","title":{"rendered":"Politique de confidentialit\u00e9"},"content":{"rendered":"\t\t<div data-elementor-type=\"wp-page\" data-elementor-id=\"7113\" class=\"elementor elementor-7113\" data-elementor-post-type=\"page\">\n\t\t\t\t\t\t<div class=\"elementor-section elementor-top-section elementor-element elementor-element-ff8ab50 elementor-section-stretched elementor-section-content-middle elementor-section-boxed elementor-section-height-default elementor-section-height-default\" data-id=\"ff8ab50\" data-element_type=\"section\" data-e-type=\"section\" data-settings=\"{&quot;background_background&quot;:&quot;classic&quot;,&quot;stretch_section&quot;:&quot;section-stretched&quot;,&quot;artale_ext_is_background_parallax&quot;:&quot;false&quot;,&quot;artale_ext_is_background_on_scroll&quot;:&quot;false&quot;}\">\n\t\t\t\t\t\t<div class=\"elementor-container elementor-column-gap-default\">\n\t\t\t\t\t<div class=\"elementor-column elementor-col-100 elementor-top-column elementor-element elementor-element-874432b\" data-id=\"874432b\" data-element_type=\"column\" data-e-type=\"column\" data-settings=\"{&quot;artale_ext_link_sidemenu&quot;:&quot;false&quot;,&quot;artale_ext_link_fullmenu&quot;:&quot;false&quot;,&quot;artale_ext_is_sticky&quot;:&quot;false&quot;,&quot;artale_ext_is_scrollme&quot;:&quot;false&quot;,&quot;artale_ext_is_smoove&quot;:&quot;false&quot;,&quot;artale_ext_is_parallax_mouse&quot;:&quot;false&quot;,&quot;artale_ext_is_infinite&quot;:&quot;false&quot;,&quot;artale_ext_is_fadeout_animation&quot;:&quot;false&quot;}\">\n\t\t\t<div class=\"elementor-widget-wrap elementor-element-populated\">\n\t\t\t\t\t\t<div class=\"elementor-element elementor-element-a0394f5 elementor-hidden-desktop elementor-hidden-tablet elementor-widget elementor-widget-spacer\" data-id=\"a0394f5\" data-element_type=\"widget\" data-e-type=\"widget\" data-settings=\"{&quot;artale_ext_link_sidemenu&quot;:&quot;false&quot;,&quot;artale_ext_link_fullmenu&quot;:&quot;false&quot;,&quot;artale_ext_is_sticky&quot;:&quot;false&quot;,&quot;artale_ext_is_scrollme&quot;:&quot;false&quot;,&quot;artale_ext_is_smoove&quot;:&quot;false&quot;,&quot;artale_ext_is_parallax_mouse&quot;:&quot;false&quot;,&quot;artale_ext_is_infinite&quot;:&quot;false&quot;,&quot;artale_ext_is_fadeout_animation&quot;:&quot;false&quot;}\" data-widget_type=\"spacer.default\">\n\t\t\t\t<div class=\"elementor-widget-container\">\n\t\t\t\t\t\t\t<div class=\"elementor-spacer\">\n\t\t\t<div class=\"elementor-spacer-inner\"><\/div>\n\t\t<\/div>\n\t\t\t\t\t\t<\/div>\n\t\t\t\t<\/div>\n\t\t\t\t<div class=\"elementor-section elementor-inner-section elementor-element elementor-element-96fd64f elementor-section-boxed elementor-section-height-default elementor-section-height-default\" data-id=\"96fd64f\" data-element_type=\"section\" data-e-type=\"section\" data-settings=\"{&quot;artale_ext_is_background_parallax&quot;:&quot;false&quot;,&quot;artale_ext_is_background_on_scroll&quot;:&quot;false&quot;}\">\n\t\t\t\t\t\t<div class=\"elementor-container elementor-column-gap-default\">\n\t\t\t\t\t<div class=\"elementor-column elementor-col-100 elementor-inner-column elementor-element elementor-element-a6e4085\" data-id=\"a6e4085\" data-element_type=\"column\" data-e-type=\"column\" data-settings=\"{&quot;artale_ext_link_sidemenu&quot;:&quot;false&quot;,&quot;artale_ext_link_fullmenu&quot;:&quot;false&quot;,&quot;artale_ext_is_sticky&quot;:&quot;false&quot;,&quot;artale_ext_is_scrollme&quot;:&quot;false&quot;,&quot;artale_ext_is_smoove&quot;:&quot;false&quot;,&quot;artale_ext_is_parallax_mouse&quot;:&quot;false&quot;,&quot;artale_ext_is_infinite&quot;:&quot;false&quot;,&quot;artale_ext_is_fadeout_animation&quot;:&quot;false&quot;}\">\n\t\t\t<div class=\"elementor-widget-wrap elementor-element-populated\">\n\t\t\t\t\t\t<div class=\"elementor-element elementor-element-f5d4f40 elementor-widget elementor-widget-heading\" data-id=\"f5d4f40\" data-element_type=\"widget\" data-e-type=\"widget\" data-settings=\"{&quot;artale_ext_link_sidemenu&quot;:&quot;false&quot;,&quot;artale_ext_link_fullmenu&quot;:&quot;false&quot;,&quot;artale_ext_is_sticky&quot;:&quot;false&quot;,&quot;artale_ext_is_scrollme&quot;:&quot;false&quot;,&quot;artale_ext_is_smoove&quot;:&quot;false&quot;,&quot;artale_ext_is_parallax_mouse&quot;:&quot;false&quot;,&quot;artale_ext_is_infinite&quot;:&quot;false&quot;,&quot;artale_ext_is_fadeout_animation&quot;:&quot;false&quot;}\" data-widget_type=\"heading.default\">\n\t\t\t\t<div class=\"elementor-widget-container\">\n\t\t\t\t\t<h1 class=\"elementor-heading-title elementor-size-default\">PRIVACY POLICY<\/h1>\t\t\t\t<\/div>\n\t\t\t\t<\/div>\n\t\t\t\t\t<\/div>\n\t\t<\/div>\n\t\t\t\t\t<\/div>\n\t\t<\/div>\n\t\t\t\t\t<\/div>\n\t\t<\/div>\n\t\t\t\t\t<\/div>\n\t\t<\/div>\n\t\t\t\t<section class=\"elementor-section elementor-top-section elementor-element elementor-element-f507d36 elementor-section-boxed elementor-section-height-default elementor-section-height-default\" data-id=\"f507d36\" data-element_type=\"section\" data-e-type=\"section\" data-settings=\"{&quot;artale_ext_is_background_parallax&quot;:&quot;false&quot;,&quot;artale_ext_is_background_on_scroll&quot;:&quot;false&quot;}\">\n\t\t\t\t\t\t<div class=\"elementor-container elementor-column-gap-default\">\n\t\t\t\t\t<div class=\"elementor-column elementor-col-100 elementor-top-column elementor-element elementor-element-c6d2a2f\" data-id=\"c6d2a2f\" data-element_type=\"column\" data-e-type=\"column\" data-settings=\"{&quot;artale_ext_link_sidemenu&quot;:&quot;false&quot;,&quot;artale_ext_link_fullmenu&quot;:&quot;false&quot;,&quot;artale_ext_is_sticky&quot;:&quot;false&quot;,&quot;artale_ext_is_scrollme&quot;:&quot;false&quot;,&quot;artale_ext_is_smoove&quot;:&quot;false&quot;,&quot;artale_ext_is_parallax_mouse&quot;:&quot;false&quot;,&quot;artale_ext_is_infinite&quot;:&quot;false&quot;,&quot;artale_ext_is_fadeout_animation&quot;:&quot;false&quot;}\">\n\t\t\t<div class=\"elementor-widget-wrap elementor-element-populated\">\n\t\t\t\t\t\t<div class=\"elementor-element elementor-element-6da4036 elementor-widget elementor-widget-heading\" data-id=\"6da4036\" data-element_type=\"widget\" data-e-type=\"widget\" data-settings=\"{&quot;artale_ext_link_sidemenu&quot;:&quot;false&quot;,&quot;artale_ext_link_fullmenu&quot;:&quot;false&quot;,&quot;artale_ext_is_sticky&quot;:&quot;false&quot;,&quot;artale_ext_is_scrollme&quot;:&quot;false&quot;,&quot;artale_ext_is_smoove&quot;:&quot;false&quot;,&quot;artale_ext_is_parallax_mouse&quot;:&quot;false&quot;,&quot;artale_ext_is_infinite&quot;:&quot;false&quot;,&quot;artale_ext_is_fadeout_animation&quot;:&quot;false&quot;}\" data-widget_type=\"heading.default\">\n\t\t\t\t<div class=\"elementor-widget-container\">\n\t\t\t\t\t<h2 class=\"elementor-heading-title elementor-size-default\">PERCH\u00c9 QUESTA INFORMAZIONE?<\/h2>\t\t\t\t<\/div>\n\t\t\t\t<\/div>\n\t\t\t\t\t<\/div>\n\t\t<\/div>\n\t\t\t\t\t<\/div>\n\t\t<\/section>\n\t\t\t\t<section class=\"elementor-section elementor-top-section elementor-element elementor-element-6aabf5e elementor-section-boxed elementor-section-height-default elementor-section-height-default\" data-id=\"6aabf5e\" data-element_type=\"section\" data-e-type=\"section\" data-settings=\"{&quot;artale_ext_is_background_parallax&quot;:&quot;false&quot;,&quot;artale_ext_is_background_on_scroll&quot;:&quot;false&quot;}\">\n\t\t\t\t\t\t<div class=\"elementor-container elementor-column-gap-default\">\n\t\t\t\t\t<div class=\"elementor-column elementor-col-100 elementor-top-column elementor-element elementor-element-b1e6607\" data-id=\"b1e6607\" data-element_type=\"column\" data-e-type=\"column\" data-settings=\"{&quot;artale_ext_link_sidemenu&quot;:&quot;false&quot;,&quot;artale_ext_link_fullmenu&quot;:&quot;false&quot;,&quot;artale_ext_is_sticky&quot;:&quot;false&quot;,&quot;artale_ext_is_scrollme&quot;:&quot;false&quot;,&quot;artale_ext_is_smoove&quot;:&quot;false&quot;,&quot;artale_ext_is_parallax_mouse&quot;:&quot;false&quot;,&quot;artale_ext_is_infinite&quot;:&quot;false&quot;,&quot;artale_ext_is_fadeout_animation&quot;:&quot;false&quot;}\">\n\t\t\t<div class=\"elementor-widget-wrap elementor-element-populated\">\n\t\t\t\t\t\t<div class=\"elementor-element elementor-element-267e711 elementor-widget elementor-widget-text-editor\" data-id=\"267e711\" data-element_type=\"widget\" data-e-type=\"widget\" data-settings=\"{&quot;artale_ext_link_sidemenu&quot;:&quot;false&quot;,&quot;artale_ext_link_fullmenu&quot;:&quot;false&quot;,&quot;artale_ext_is_sticky&quot;:&quot;false&quot;,&quot;artale_ext_is_scrollme&quot;:&quot;false&quot;,&quot;artale_ext_is_smoove&quot;:&quot;false&quot;,&quot;artale_ext_is_parallax_mouse&quot;:&quot;false&quot;,&quot;artale_ext_is_infinite&quot;:&quot;false&quot;,&quot;artale_ext_is_fadeout_animation&quot;:&quot;false&quot;}\" data-widget_type=\"text-editor.default\">\n\t\t\t\t<div class=\"elementor-widget-container\">\n\t\t\t\t\t\t\t\t\t<p>Di seguito vengono descritte le modalit\u00e0 di gestione effettuate da Elab Photographers in riferimento al trattamento dei dati personali degli utenti che consultano il sito. Si tratta di un\u2019informativa resa ai sensi dell\u2019art. 13 del d.lgs. n. 196\/2003 \u2013 Codice in materia di protezione dei dati personali anche a coloro che interagiscono con il sito web elabphotographers.com semplicemente consultandone le pagine oppure richiedendo ulteriori indicazioni in merito ai servizi proposti.<\/p>\t\t\t\t\t\t\t\t<\/div>\n\t\t\t\t<\/div>\n\t\t\t\t\t<\/div>\n\t\t<\/div>\n\t\t\t\t\t<\/div>\n\t\t<\/section>\n\t\t\t\t<section class=\"elementor-section elementor-top-section elementor-element elementor-element-0fcd814 elementor-section-boxed elementor-section-height-default elementor-section-height-default\" data-id=\"0fcd814\" data-element_type=\"section\" data-e-type=\"section\" data-settings=\"{&quot;artale_ext_is_background_parallax&quot;:&quot;false&quot;,&quot;artale_ext_is_background_on_scroll&quot;:&quot;false&quot;}\">\n\t\t\t\t\t\t<div class=\"elementor-container elementor-column-gap-default\">\n\t\t\t\t\t<div class=\"elementor-column elementor-col-100 elementor-top-column elementor-element elementor-element-9349211\" data-id=\"9349211\" data-element_type=\"column\" data-e-type=\"column\" data-settings=\"{&quot;artale_ext_link_sidemenu&quot;:&quot;false&quot;,&quot;artale_ext_link_fullmenu&quot;:&quot;false&quot;,&quot;artale_ext_is_sticky&quot;:&quot;false&quot;,&quot;artale_ext_is_scrollme&quot;:&quot;false&quot;,&quot;artale_ext_is_smoove&quot;:&quot;false&quot;,&quot;artale_ext_is_parallax_mouse&quot;:&quot;false&quot;,&quot;artale_ext_is_infinite&quot;:&quot;false&quot;,&quot;artale_ext_is_fadeout_animation&quot;:&quot;false&quot;}\">\n\t\t\t<div class=\"elementor-widget-wrap elementor-element-populated\">\n\t\t\t\t\t\t<div class=\"elementor-element elementor-element-7613f5d elementor-widget elementor-widget-heading\" data-id=\"7613f5d\" data-element_type=\"widget\" data-e-type=\"widget\" data-settings=\"{&quot;artale_ext_link_sidemenu&quot;:&quot;false&quot;,&quot;artale_ext_link_fullmenu&quot;:&quot;false&quot;,&quot;artale_ext_is_sticky&quot;:&quot;false&quot;,&quot;artale_ext_is_scrollme&quot;:&quot;false&quot;,&quot;artale_ext_is_smoove&quot;:&quot;false&quot;,&quot;artale_ext_is_parallax_mouse&quot;:&quot;false&quot;,&quot;artale_ext_is_infinite&quot;:&quot;false&quot;,&quot;artale_ext_is_fadeout_animation&quot;:&quot;false&quot;}\" data-widget_type=\"heading.default\">\n\t\t\t\t<div class=\"elementor-widget-container\">\n\t\t\t\t\t<h2 class=\"elementor-heading-title elementor-size-default\">CHI \u00c8 TITOLARE DEI VOSTRI DATI E HA L\u2019ONERE DI PROTEGGERLI?\n<\/h2>\t\t\t\t<\/div>\n\t\t\t\t<\/div>\n\t\t\t\t\t<\/div>\n\t\t<\/div>\n\t\t\t\t\t<\/div>\n\t\t<\/section>\n\t\t\t\t<section class=\"elementor-section elementor-top-section elementor-element elementor-element-bd45d1c elementor-section-boxed elementor-section-height-default elementor-section-height-default\" data-id=\"bd45d1c\" data-element_type=\"section\" data-e-type=\"section\" data-settings=\"{&quot;artale_ext_is_background_parallax&quot;:&quot;false&quot;,&quot;artale_ext_is_background_on_scroll&quot;:&quot;false&quot;}\">\n\t\t\t\t\t\t<div class=\"elementor-container elementor-column-gap-default\">\n\t\t\t\t\t<div class=\"elementor-column elementor-col-100 elementor-top-column elementor-element elementor-element-dbaa731\" data-id=\"dbaa731\" data-element_type=\"column\" data-e-type=\"column\" data-settings=\"{&quot;artale_ext_link_sidemenu&quot;:&quot;false&quot;,&quot;artale_ext_link_fullmenu&quot;:&quot;false&quot;,&quot;artale_ext_is_sticky&quot;:&quot;false&quot;,&quot;artale_ext_is_scrollme&quot;:&quot;false&quot;,&quot;artale_ext_is_smoove&quot;:&quot;false&quot;,&quot;artale_ext_is_parallax_mouse&quot;:&quot;false&quot;,&quot;artale_ext_is_infinite&quot;:&quot;false&quot;,&quot;artale_ext_is_fadeout_animation&quot;:&quot;false&quot;}\">\n\t\t\t<div class=\"elementor-widget-wrap elementor-element-populated\">\n\t\t\t\t\t\t<div class=\"elementor-element elementor-element-053b1f6 elementor-widget elementor-widget-text-editor\" data-id=\"053b1f6\" data-element_type=\"widget\" data-e-type=\"widget\" data-settings=\"{&quot;artale_ext_link_sidemenu&quot;:&quot;false&quot;,&quot;artale_ext_link_fullmenu&quot;:&quot;false&quot;,&quot;artale_ext_is_sticky&quot;:&quot;false&quot;,&quot;artale_ext_is_scrollme&quot;:&quot;false&quot;,&quot;artale_ext_is_smoove&quot;:&quot;false&quot;,&quot;artale_ext_is_parallax_mouse&quot;:&quot;false&quot;,&quot;artale_ext_is_infinite&quot;:&quot;false&quot;,&quot;artale_ext_is_fadeout_animation&quot;:&quot;false&quot;}\" data-widget_type=\"text-editor.default\">\n\t\t\t\t<div class=\"elementor-widget-container\">\n\t\t\t\t\t\t\t\t\t<p>Il \u201cTitolare\u201d del trattamento \u00e8 Elab Photographers avente la propria sede legale in Piazza Duca di Genova 18 \u2013 95100 Catania.<br \/>Per esercitare i diritti di cui all\u2019art.7 del D.Lgs.196\/2003 (in seguito dettagliati) o per qualsiasi informazione aggiuntiva in materia di privacy \u00e8 possibile rivolgersi al Titolare ai seguenti recapiti.<\/p><p>\u2013 E-MAIL: info@elabphotographers.com<\/p><p>Quali dati vengono trattati, come e da chi?<\/p><p><strong>Dati di navigazione:<\/strong>\u00a0I sistemi informatici e le procedure software preposte al funzionamento di questo sito web acquisiscono, nel corso del loro normale esercizio, alcuni dati personali la cui trasmissione \u00e8 implicita nell\u2019uso dei protocolli di comunicazione di Internet. Si tratta di informazioni che non sono raccolte per essere associate a interessati identificati, ma che per loro stessa natura potrebbero, attraverso elaborazioni ed associazioni con dati detenuti da terzi, permettere di identificare gli utenti. In questa categoria di dati rientrano gli indirizzi IP o i nomi a dominio dei computer utilizzati dagli utenti che si connettono al sito, gli indirizzi in notazione URI (Uniform Resource Identifier) delle risorse richieste, l\u2019orario della richiesta, il metodo utilizzato nel sottoporre la richiesta al server, la dimensione del file ottenuto in risposta, il codice numerico indicante lo stato della risposta data dal server (buon fine, errore, ecc.) ed altri parametri relativi al sistema operativo e all\u2019ambiente informatico dell\u2019utente. Questi dati vengono utilizzati al solo fine di ricavare informazioni statistiche anonime sull\u2019uso del sito e per controllarne il corretto funzionamento e vengono cancellati immediatamente dopo l\u2019elaborazione. I dati potrebbero essere utilizzati per l\u2019accertamento di responsabilit\u00e0 in caso di ipotetici reati informatici ai danni del sito: salva questa eventualit\u00e0, allo stato i dati sui contatti web non persistono per pi\u00f9 di sette giorni.<\/p><p><strong>Dati forniti volontariamente dall\u2019utente:<\/strong>\u00a0L\u2019invio facoltativo, esplicito e volontario di posta elettronica agli indirizzi indicati su questo sito comporta la successiva acquisizione dell\u2019indirizzo del mittente, necessario per rispondere alle richieste, nonch\u00e9 degli eventuali altri dati personali inseriti nella missiva.<\/p><p><strong>Cookies:<\/strong>\u00a0Si veda in proposito l\u2019informativa specifica [<a href=\"https:\/\/elabphotographers.com\/cookie-policy\">link<\/a>]<\/p><p><strong>Modalit\u00e0 del trattamento:<\/strong> I dati personali sono trattati con strumenti automatizzati, solo da incaricati appositamente nominati, per il tempo strettamente necessario a conseguire gli scopi per cui sono stati raccolti. Specifiche misure di sicurezza sono osservate per prevenire la perdita dei dati, usi illeciti o non corretti ed accessi non autorizzati. I dati non verranno in alcun modo diffusi o comunicati a soggetti esterni, fatti salvi gli obblighi in tal senso previsti per legge.<\/p><p><strong>Il conferimento dei dati \u00e8 facoltativo?<\/strong><\/p><p>A parte quanto specificato per i dati di navigazione, l\u2019utente \u00e8 libero di fornire i dati personali che ritiene opportuni. La gestione dei cookies pu\u00f2 essere personalizzata mediante le indicazioni fornite nell\u2019apposita informativa.<\/p><p><strong>Quali sono i diritti degli interessati?<\/strong><\/p><p>I soggetti cui si riferiscono i dati personali hanno il diritto in qualunque momento di ottenere la conferma dell\u2019esistenza o meno e di conoscerne il contenuto e l\u2019origine, verificarne l\u2019esattezza o chiederne l\u2019integrazione o l\u2019aggiornamento, oppure la rettificazione (articolo 7 del Codice in materia di protezione dei dati personali). Ai sensi del medesimo articolo si ha il diritto di chiedere la cancellazione, la trasformazione in forma anonima o il blocco dei dati trattati in violazione di legge, nonch\u00e9 di opporsi in ogni caso, per motivi legittimi, al loro trattamento.<\/p><p><br \/>\u2013 TEL: +39.095 7699210<\/p>\t\t\t\t\t\t\t\t<\/div>\n\t\t\t\t<\/div>\n\t\t\t\t\t<\/div>\n\t\t<\/div>\n\t\t\t\t\t<\/div>\n\t\t<\/section>\n\t\t\t\t<\/div>\n\t\t","protected":false},"excerpt":{"rendered":"<p>PRIVACY POLICY PERCH\u00c9 QUESTA INFORMAZIONE? Di seguito vengono descritte le modalit\u00e0 di gestione effettuate da Elab Photographers in riferimento al trattamento dei dati personali degli utenti che consultano il sito. Si tratta di un\u2019informativa resa ai sensi dell\u2019art. 13 del [&hellip;]<\/p>\n","protected":false},"author":1,"featured_media":0,"parent":0,"menu_order":0,"comment_status":"closed","ping_status":"closed","template":"","meta":{"footnotes":""},"class_list":["post-7113","page","type-page","status-publish","hentry"],"_links":{"self":[{"href":"https:\/\/elabphotographers.com\/fr\/wp-json\/wp\/v2\/pages\/7113","targetHints":{"allow":["GET"]}}],"collection":[{"href":"https:\/\/elabphotographers.com\/fr\/wp-json\/wp\/v2\/pages"}],"about":[{"href":"https:\/\/elabphotographers.com\/fr\/wp-json\/wp\/v2\/types\/page"}],"author":[{"embeddable":true,"href":"https:\/\/elabphotographers.com\/fr\/wp-json\/wp\/v2\/users\/1"}],"replies":[{"embeddable":true,"href":"https:\/\/elabphotographers.com\/fr\/wp-json\/wp\/v2\/comments?post=7113"}],"version-history":[{"count":0,"href":"https:\/\/elabphotographers.com\/fr\/wp-json\/wp\/v2\/pages\/7113\/revisions"}],"wp:attachment":[{"href":"https:\/\/elabphotographers.com\/fr\/wp-json\/wp\/v2\/media?parent=7113"}],"curies":[{"name":"wp","href":"https:\/\/api.w.org\/{rel}","templated":true}]}}