{"id":11756,"date":"2023-12-14T19:05:51","date_gmt":"2023-12-14T19:05:51","guid":{"rendered":"https:\/\/elabphotographers.com\/?page_id=11756"},"modified":"2023-12-14T19:11:54","modified_gmt":"2023-12-14T19:11:54","slug":"politica-de-cookies","status":"publish","type":"page","link":"https:\/\/elabphotographers.com\/pt\/politica-de-cookies\/","title":{"rendered":"Pol\u00edtica de cookies"},"content":{"rendered":"<div data-elementor-type=\"wp-page\" data-elementor-id=\"11756\" class=\"elementor elementor-11756\" data-elementor-post-type=\"page\">\n\t\t\t\t\t\t<div class=\"elementor-section elementor-top-section elementor-element elementor-element-ff8ab50 elementor-section-stretched elementor-section-content-middle elementor-section-boxed elementor-section-height-default elementor-section-height-default\" data-id=\"ff8ab50\" data-element_type=\"section\" data-e-type=\"section\" data-settings=\"{&quot;background_background&quot;:&quot;classic&quot;,&quot;stretch_section&quot;:&quot;section-stretched&quot;,&quot;artale_ext_is_background_parallax&quot;:&quot;false&quot;,&quot;artale_ext_is_background_on_scroll&quot;:&quot;false&quot;}\">\n\t\t\t\t\t\t<div class=\"elementor-container elementor-column-gap-default\">\n\t\t\t\t\t<div class=\"elementor-column elementor-col-100 elementor-top-column elementor-element elementor-element-874432b\" data-id=\"874432b\" data-element_type=\"column\" data-e-type=\"column\" data-settings=\"{&quot;artale_ext_link_sidemenu&quot;:&quot;false&quot;,&quot;artale_ext_link_fullmenu&quot;:&quot;false&quot;,&quot;artale_ext_is_sticky&quot;:&quot;false&quot;,&quot;artale_ext_is_scrollme&quot;:&quot;false&quot;,&quot;artale_ext_is_smoove&quot;:&quot;false&quot;,&quot;artale_ext_is_parallax_mouse&quot;:&quot;false&quot;,&quot;artale_ext_is_infinite&quot;:&quot;false&quot;,&quot;artale_ext_is_fadeout_animation&quot;:&quot;false&quot;}\">\n\t\t\t<div class=\"elementor-widget-wrap elementor-element-populated\">\n\t\t\t\t\t\t<div class=\"elementor-element elementor-element-a0394f5 elementor-hidden-desktop elementor-hidden-tablet elementor-widget elementor-widget-spacer\" data-id=\"a0394f5\" data-element_type=\"widget\" data-e-type=\"widget\" data-settings=\"{&quot;artale_ext_link_sidemenu&quot;:&quot;false&quot;,&quot;artale_ext_link_fullmenu&quot;:&quot;false&quot;,&quot;artale_ext_is_sticky&quot;:&quot;false&quot;,&quot;artale_ext_is_scrollme&quot;:&quot;false&quot;,&quot;artale_ext_is_smoove&quot;:&quot;false&quot;,&quot;artale_ext_is_parallax_mouse&quot;:&quot;false&quot;,&quot;artale_ext_is_infinite&quot;:&quot;false&quot;,&quot;artale_ext_is_fadeout_animation&quot;:&quot;false&quot;}\" data-widget_type=\"spacer.default\">\n\t\t\t\t<div class=\"elementor-widget-container\">\n\t\t\t\t\t\t\t<div class=\"elementor-spacer\">\n\t\t\t<div class=\"elementor-spacer-inner\"><\/div>\n\t\t<\/div>\n\t\t\t\t\t\t<\/div>\n\t\t\t\t<\/div>\n\t\t\t\t<div class=\"elementor-section elementor-inner-section elementor-element elementor-element-96fd64f elementor-section-boxed elementor-section-height-default elementor-section-height-default\" data-id=\"96fd64f\" data-element_type=\"section\" data-e-type=\"section\" data-settings=\"{&quot;artale_ext_is_background_parallax&quot;:&quot;false&quot;,&quot;artale_ext_is_background_on_scroll&quot;:&quot;false&quot;}\">\n\t\t\t\t\t\t<div class=\"elementor-container elementor-column-gap-default\">\n\t\t\t\t\t<div class=\"elementor-column elementor-col-100 elementor-inner-column elementor-element elementor-element-a6e4085\" data-id=\"a6e4085\" data-element_type=\"column\" data-e-type=\"column\" data-settings=\"{&quot;artale_ext_link_sidemenu&quot;:&quot;false&quot;,&quot;artale_ext_link_fullmenu&quot;:&quot;false&quot;,&quot;artale_ext_is_sticky&quot;:&quot;false&quot;,&quot;artale_ext_is_scrollme&quot;:&quot;false&quot;,&quot;artale_ext_is_smoove&quot;:&quot;false&quot;,&quot;artale_ext_is_parallax_mouse&quot;:&quot;false&quot;,&quot;artale_ext_is_infinite&quot;:&quot;false&quot;,&quot;artale_ext_is_fadeout_animation&quot;:&quot;false&quot;}\">\n\t\t\t<div class=\"elementor-widget-wrap elementor-element-populated\">\n\t\t\t\t\t\t<div class=\"elementor-element elementor-element-f5d4f40 elementor-widget elementor-widget-heading\" data-id=\"f5d4f40\" data-element_type=\"widget\" data-e-type=\"widget\" data-settings=\"{&quot;artale_ext_link_sidemenu&quot;:&quot;false&quot;,&quot;artale_ext_link_fullmenu&quot;:&quot;false&quot;,&quot;artale_ext_is_sticky&quot;:&quot;false&quot;,&quot;artale_ext_is_scrollme&quot;:&quot;false&quot;,&quot;artale_ext_is_smoove&quot;:&quot;false&quot;,&quot;artale_ext_is_parallax_mouse&quot;:&quot;false&quot;,&quot;artale_ext_is_infinite&quot;:&quot;false&quot;,&quot;artale_ext_is_fadeout_animation&quot;:&quot;false&quot;}\" data-widget_type=\"heading.default\">\n\t\t\t\t<div class=\"elementor-widget-container\">\n\t\t\t\t\t<h1 class=\"elementor-heading-title elementor-size-default\">POL\u00cdTICA DE COOKIES<\/h1>\t\t\t\t<\/div>\n\t\t\t\t<\/div>\n\t\t\t\t\t<\/div>\n\t\t<\/div>\n\t\t\t\t\t<\/div>\n\t\t<\/div>\n\t\t\t\t\t<\/div>\n\t\t<\/div>\n\t\t\t\t\t<\/div>\n\t\t<\/div>\n\t\t\t\t<section class=\"elementor-section elementor-top-section elementor-element elementor-element-f507d36 elementor-section-boxed elementor-section-height-default elementor-section-height-default\" data-id=\"f507d36\" data-element_type=\"section\" data-e-type=\"section\" data-settings=\"{&quot;artale_ext_is_background_parallax&quot;:&quot;false&quot;,&quot;artale_ext_is_background_on_scroll&quot;:&quot;false&quot;}\">\n\t\t\t\t\t\t<div class=\"elementor-container elementor-column-gap-default\">\n\t\t\t\t\t<div class=\"elementor-column elementor-col-100 elementor-top-column elementor-element elementor-element-c6d2a2f\" data-id=\"c6d2a2f\" data-element_type=\"column\" data-e-type=\"column\" data-settings=\"{&quot;artale_ext_link_sidemenu&quot;:&quot;false&quot;,&quot;artale_ext_link_fullmenu&quot;:&quot;false&quot;,&quot;artale_ext_is_sticky&quot;:&quot;false&quot;,&quot;artale_ext_is_scrollme&quot;:&quot;false&quot;,&quot;artale_ext_is_smoove&quot;:&quot;false&quot;,&quot;artale_ext_is_parallax_mouse&quot;:&quot;false&quot;,&quot;artale_ext_is_infinite&quot;:&quot;false&quot;,&quot;artale_ext_is_fadeout_animation&quot;:&quot;false&quot;}\">\n\t\t\t<div class=\"elementor-widget-wrap elementor-element-populated\">\n\t\t\t\t\t\t<div class=\"elementor-element elementor-element-6da4036 elementor-widget elementor-widget-heading\" data-id=\"6da4036\" data-element_type=\"widget\" data-e-type=\"widget\" data-settings=\"{&quot;artale_ext_link_sidemenu&quot;:&quot;false&quot;,&quot;artale_ext_link_fullmenu&quot;:&quot;false&quot;,&quot;artale_ext_is_sticky&quot;:&quot;false&quot;,&quot;artale_ext_is_scrollme&quot;:&quot;false&quot;,&quot;artale_ext_is_smoove&quot;:&quot;false&quot;,&quot;artale_ext_is_parallax_mouse&quot;:&quot;false&quot;,&quot;artale_ext_is_infinite&quot;:&quot;false&quot;,&quot;artale_ext_is_fadeout_animation&quot;:&quot;false&quot;}\" data-widget_type=\"heading.default\">\n\t\t\t\t<div class=\"elementor-widget-container\">\n\t\t\t\t\t<h2 class=\"elementor-heading-title elementor-size-default\">POL\u00cdTICA DE COOKIES ESTENDIDA<\/h2>\t\t\t\t<\/div>\n\t\t\t\t<\/div>\n\t\t\t\t\t<\/div>\n\t\t<\/div>\n\t\t\t\t\t<\/div>\n\t\t<\/section>\n\t\t\t\t<section class=\"elementor-section elementor-top-section elementor-element elementor-element-6aabf5e elementor-section-boxed elementor-section-height-default elementor-section-height-default\" data-id=\"6aabf5e\" data-element_type=\"section\" data-e-type=\"section\" data-settings=\"{&quot;artale_ext_is_background_parallax&quot;:&quot;false&quot;,&quot;artale_ext_is_background_on_scroll&quot;:&quot;false&quot;}\">\n\t\t\t\t\t\t<div class=\"elementor-container elementor-column-gap-default\">\n\t\t\t\t\t<div class=\"elementor-column elementor-col-100 elementor-top-column elementor-element elementor-element-b1e6607\" data-id=\"b1e6607\" data-element_type=\"column\" data-e-type=\"column\" data-settings=\"{&quot;artale_ext_link_sidemenu&quot;:&quot;false&quot;,&quot;artale_ext_link_fullmenu&quot;:&quot;false&quot;,&quot;artale_ext_is_sticky&quot;:&quot;false&quot;,&quot;artale_ext_is_scrollme&quot;:&quot;false&quot;,&quot;artale_ext_is_smoove&quot;:&quot;false&quot;,&quot;artale_ext_is_parallax_mouse&quot;:&quot;false&quot;,&quot;artale_ext_is_infinite&quot;:&quot;false&quot;,&quot;artale_ext_is_fadeout_animation&quot;:&quot;false&quot;}\">\n\t\t\t<div class=\"elementor-widget-wrap elementor-element-populated\">\n\t\t\t\t\t\t<div class=\"elementor-element elementor-element-267e711 elementor-widget elementor-widget-text-editor\" data-id=\"267e711\" data-element_type=\"widget\" data-e-type=\"widget\" data-settings=\"{&quot;artale_ext_link_sidemenu&quot;:&quot;false&quot;,&quot;artale_ext_link_fullmenu&quot;:&quot;false&quot;,&quot;artale_ext_is_sticky&quot;:&quot;false&quot;,&quot;artale_ext_is_scrollme&quot;:&quot;false&quot;,&quot;artale_ext_is_smoove&quot;:&quot;false&quot;,&quot;artale_ext_is_parallax_mouse&quot;:&quot;false&quot;,&quot;artale_ext_is_infinite&quot;:&quot;false&quot;,&quot;artale_ext_is_fadeout_animation&quot;:&quot;false&quot;}\" data-widget_type=\"text-editor.default\">\n\t\t\t\t<div class=\"elementor-widget-container\">\n\t\t\t\t\t\t\t\t\t<p>Cookies s\u00e3o partes de c\u00f3digo instaladas dentro do navegador do Usu\u00e1rio que ajudam o Controlador a fornecer o servi\u00e7o para as finalidades descritas. Algumas das finalidades para as quais os cookies s\u00e3o instalados tamb\u00e9m podem exigir o consentimento do Usu\u00e1rio.<\/p><div id=\"page_content_wrapper\" class=\"\"><div class=\"inner\"><div class=\"inner_wrapper\"><div class=\"sidebar_content full_width\"><p>\u00a0Os cookies consistem em partes de c\u00f3digo instaladas no navegador do Usu\u00e1rio que ajudam o Controlador a fornecer o servi\u00e7o para os fins descritos. Algumas das finalidades para as quais os Cookies s\u00e3o instalados tamb\u00e9m podem exigir o consentimento do Usu\u00e1rio.<\/p><p><strong>COOKIES DE ESTAT\u00cdSTICAS T\u00c9CNICAS E AGREGADAS<\/strong><\/p><p><strong>Atividades estritamente necess\u00e1rias para a opera\u00e7\u00e3o<\/strong><\/p><p>Este site usa cookies para salvar a sess\u00e3o do usu\u00e1rio e para realizar outras atividades estritamente necess\u00e1rias para a opera\u00e7\u00e3o do site, por exemplo, em rela\u00e7\u00e3o \u00e0 distribui\u00e7\u00e3o de tr\u00e1fego.<\/p><p><strong>Salvamento de prefer\u00eancias, otimiza\u00e7\u00e3o e estat\u00edsticas<\/strong><\/p><p>Este site usa cookies para salvar as prefer\u00eancias de navega\u00e7\u00e3o e otimizar a experi\u00eancia de navega\u00e7\u00e3o do usu\u00e1rio. Esses cookies incluem, por exemplo, aqueles usados para definir o idioma e a moeda ou para fins estat\u00edsticos pelo propriet\u00e1rio do site.<\/p><p><strong>Outros tipos de cookies ou ferramentas de terceiros que podem us\u00e1-los<\/strong><\/p><p>Alguns dos servi\u00e7os listados abaixo coletam estat\u00edsticas de forma agregada e podem n\u00e3o exigir o consentimento do Usu\u00e1rio ou podem ser operados diretamente pelo propriet\u00e1rio, conforme descrito, sem a ajuda de terceiros.<\/p><p>Google Analytics (Google)<\/p><p>O Google Analytics \u00e9 um servi\u00e7o de an\u00e1lise da Web fornecido pelo Google Inc. (\"Google\"). O Google usa os Dados Pessoais coletados para rastrear e examinar o uso deste Aplicativo, compilar relat\u00f3rios e compartilh\u00e1-los com outros servi\u00e7os desenvolvidos pelo Google.<br \/>O Google pode usar Dados Pessoais para contextualizar e personalizar an\u00fancios em sua rede de publicidade.<br \/>Os dados pessoais coletados s\u00e3o: Cookies e dados de uso.<br \/>Local de processamento: EUA.<br \/>Nos links a seguir, voc\u00ea pode ver\u00a0<a href=\"https:\/\/www.google.com\/intl\/it_it\/analytics\/learn\/privacy.html\" target=\"_blank\" rel=\"noopener\">Pol\u00edtica de privacidade<\/a>\u00a0e Opt Out<\/p><p>Google Maps (Google)<\/p><p>Em algumas p\u00e1ginas, h\u00e1 mapas interativos fornecidos pelo Google, que pode instalar cookies para detectar informa\u00e7\u00f5es e prefer\u00eancias relacionadas a esse servi\u00e7o. Para obter mais informa\u00e7\u00f5es sobre o uso de cookies pelo Google, consulte a pol\u00edtica de privacidade do Google:\u00a0<a href=\"http:\/\/www.google.com\/intl\/it\/policies\/privacy\" target=\"_blank\" rel=\"noopener\">http:\/\/www.google.com\/intl\/it\/policies\/privacy<\/a><\/p><p>Servi\u00e7os de terceiros<\/p><p>O site integra, em suas p\u00e1ginas, servi\u00e7os de terceiros que podem definir e usar seus pr\u00f3prios cookies e\/ou tecnologias semelhantes. O uso de tais cookies e tecnologias semelhantes por essas empresas \u00e9 regido pelas pol\u00edticas de privacidade das referidas empresas e n\u00e3o por esta pol\u00edtica, uma vez que o Controlador de Dados n\u00e3o tem rela\u00e7\u00e3o alguma com o gerenciamento de tais ferramentas e com o processamento de dados decorrentes delas.<br \/>Fornecemos abaixo uma lista (n\u00e3o exaustiva) de algumas das empresas parceiras que podem usar cookies enquanto voc\u00ea navega na rede da nossa organiza\u00e7\u00e3o:<br \/>- Google Analytics (<a href=\"https:\/\/www.google.com\/analytics\/learn\/privacy.html?hl=it\" target=\"_blank\" rel=\"noopener\">divulga\u00e7\u00e3o<\/a>)<\/p><p><strong>Como posso gerenciar os cookies em meu navegador?<\/strong><\/p><p>Al\u00e9m do que est\u00e1 descrito neste documento, voc\u00ea pode gerenciar suas prefer\u00eancias de cookies diretamente no navegador e impedir, por exemplo, que terceiros instalem cookies. Tamb\u00e9m \u00e9 poss\u00edvel usar as prefer\u00eancias do navegador para excluir cookies instalados anteriormente, inclusive o cookie no qual voc\u00ea pode ter salvo seu consentimento para a instala\u00e7\u00e3o de cookies por este site. \u00c9 importante observar que, ao desativar todos os cookies, a opera\u00e7\u00e3o deste site pode ser prejudicada. Voc\u00ea pode encontrar informa\u00e7\u00f5es sobre como gerenciar cookies em seu navegador nos seguintes endere\u00e7os:\u00a0<a href=\"https:\/\/support.google.com\/chrome\/answer\/95647?hl=en&amp;p=cpn_cookies\" target=\"_blank\" rel=\"noopener noreferrer\">Google Chrome<\/a>,\u00a0<a href=\"https:\/\/support.mozilla.org\/it\/kb\/Attivare%20e%20disattivare%20i%20cookie?redirectlocale=en-US&amp;redirectslug=Enabling+and+disabling+cookies\" target=\"_blank\" rel=\"noopener noreferrer\">Mozilla Firefox<\/a>,\u00a0<a href=\"https:\/\/support.apple.com\/kb\/PH19214?viewlocale=it_IT&amp;locale=en_US\" target=\"_blank\" rel=\"noopener noreferrer\">Apple Safari<\/a>\u00a0e\u00a0<a href=\"http:\/\/windows.microsoft.com\/it-it\/windows-vista\/block-or-allow-cookies\" target=\"_blank\" rel=\"noopener noreferrer\">Microsoft Windows Explorer<\/a>.<br \/>Abaixo, entretanto, fornecemos instru\u00e7\u00f5es para os navegadores mais populares a fim de realizar a configura\u00e7\u00e3o personalizada de cookies:<\/p><p>Microsoft Internet Explorer<\/p><p>1. clique em \"Tools\" (Ferramentas) na parte superior da janela do navegador;<br \/>2. selecione \"Op\u00e7\u00f5es da Internet\";<br \/>3. Clique na guia \"Privacidade\";<br \/>4. para ativar os cookies, o n\u00edvel de privacidade deve ser definido como \"M\u00e9dio\" ou inferior; definir o n\u00edvel de privacidade acima de \"M\u00e9dio\" desativar\u00e1 o uso de cookies.<\/p><p>Mozilla Firefox<\/p><p>1. clique em \"Tools\" (Ferramentas) na parte superior da janela do navegador;<br \/>2. selecione \"Options\" (Op\u00e7\u00f5es);<br \/>3. selecione o \u00edcone \"Privacidade\";<br \/>4. Clique em \"Cookies\";<br \/>5. Marque ou desmarque os itens \"Aceitar cookies de sites\" e \"Aceitar cookies de terceiros\".<\/p><p>Google Chrome<\/p><p>1. clique no \u00edcone do menu;<br \/>2. selecione \"Settings\" (Configura\u00e7\u00f5es);<br \/>3. Na parte inferior da p\u00e1gina, selecione \"Show advanced settings\" (Mostrar configura\u00e7\u00f5es avan\u00e7adas);<br \/>4. na se\u00e7\u00e3o \"Privacidade\", selecione \"Configura\u00e7\u00f5es de conte\u00fado\";<br \/>5. selecione se deseja ou n\u00e3o \"impedir que os sites definam dados\".<\/p><p>Apple Safari<\/p><p>1. Clique no r\u00f3tulo \"Safari\" na parte superior da janela do navegador;<br \/>2. selecione a op\u00e7\u00e3o \"Preferences\" (Prefer\u00eancias);<br \/>3. clique em \"Privacy\" (Privacidade);<br \/>4.defina sua escolha em \"Cookies e dados do site\".<\/p><p>Para obter mais informa\u00e7\u00f5es sobre o uso de cookies e como bloque\u00e1-los, visite os seguintes sites:<br \/><a href=\"http:\/\/www.youronlinechoices.eu\/\" target=\"_blank\" rel=\"noopener noreferrer\">www.youronlinechoices.eu\u00a0<\/a><br \/><a href=\"http:\/\/www.allaboutcookies.org\/\" target=\"_blank\" rel=\"noopener noreferrer\">www.allaboutcookies.org<\/a><\/p><p><strong>Controlador de dados<\/strong><\/p><p>Elab Photographers, Piazza Duca di Genova 18 - 95100 Catania.<\/p><p>Como a instala\u00e7\u00e3o de Cookies e outros sistemas de rastreamento operados por terceiros por meio dos servi\u00e7os usados neste Aplicativo n\u00e3o pode ser tecnicamente controlada pelo Propriet\u00e1rio, qualquer refer\u00eancia espec\u00edfica a Cookies e sistemas de rastreamento instalados por terceiros deve ser considerada indicativa. Para obter informa\u00e7\u00f5es completas, consulte a pol\u00edtica de privacidade de quaisquer servi\u00e7os de terceiros listados neste documento.<br \/>Tendo em vista a complexidade objetiva associada \u00e0 identifica\u00e7\u00e3o de tecnologias baseadas em cookies e sua integra\u00e7\u00e3o muito pr\u00f3xima com a opera\u00e7\u00e3o da Web, os Usu\u00e1rios s\u00e3o convidados a entrar em contato com o Controlador de Dados caso desejem receber mais informa\u00e7\u00f5es sobre o uso de cookies e qualquer uso dos mesmos - por exemplo, por terceiros - realizado por meio deste site.<\/p><\/div><\/div><\/div><\/div>\t\t\t\t\t\t\t\t<\/div>\n\t\t\t\t<\/div>\n\t\t\t\t\t<\/div>\n\t\t<\/div>\n\t\t\t\t\t<\/div>\n\t\t<\/section>\n\t\t\t\t<\/div>","protected":false},"excerpt":{"rendered":"<p>COOKIE POLICY INFORMATIVA ESTESA SUI COOKIE I Cookie sono costituiti da porzioni di codice installate all\u2019interno del browser dell\u2019utente che assistono il Titolare nell\u2019erogazione del servizio in base alle finalit\u00e0 descritte. Alcune delle finalit\u00e0 di installazione dei Cookie potrebbero, inoltre, [&hellip;]<\/p>\n","protected":false},"author":1,"featured_media":0,"parent":0,"menu_order":0,"comment_status":"closed","ping_status":"closed","template":"","meta":{"footnotes":""},"class_list":["post-11756","page","type-page","status-publish","hentry"],"_links":{"self":[{"href":"https:\/\/elabphotographers.com\/pt\/wp-json\/wp\/v2\/pages\/11756","targetHints":{"allow":["GET"]}}],"collection":[{"href":"https:\/\/elabphotographers.com\/pt\/wp-json\/wp\/v2\/pages"}],"about":[{"href":"https:\/\/elabphotographers.com\/pt\/wp-json\/wp\/v2\/types\/page"}],"author":[{"embeddable":true,"href":"https:\/\/elabphotographers.com\/pt\/wp-json\/wp\/v2\/users\/1"}],"replies":[{"embeddable":true,"href":"https:\/\/elabphotographers.com\/pt\/wp-json\/wp\/v2\/comments?post=11756"}],"version-history":[{"count":0,"href":"https:\/\/elabphotographers.com\/pt\/wp-json\/wp\/v2\/pages\/11756\/revisions"}],"wp:attachment":[{"href":"https:\/\/elabphotographers.com\/pt\/wp-json\/wp\/v2\/media?parent=11756"}],"curies":[{"name":"wp","href":"https:\/\/api.w.org\/{rel}","templated":true}]}}